{"id":259,"date":"2020-08-11T09:42:57","date_gmt":"2020-08-11T14:42:57","guid":{"rendered":"http:\/\/ipse.gov.co\/cnm2\/?page_id=259"},"modified":"2021-01-28T00:56:52","modified_gmt":"2021-01-28T00:56:52","slug":"prestacion-del-servicio","status":"publish","type":"page","link":"https:\/\/ipse.gov.co\/cnm\/prestacion-del-servicio\/","title":{"rendered":"Presentaci\u00f3n del Servicio"},"content":{"rendered":"<div id=\"pl-259\"  class=\"panel-layout\" ><div id=\"pg-259-0\"  class=\"panel-grid panel-no-style\" ><div id=\"pgc-259-0-0\"  class=\"panel-grid-cell\" ><\/div><\/div><div id=\"pg-259-1\"  class=\"panel-grid panel-no-style\" ><div id=\"pgc-259-1-0\"  class=\"panel-grid-cell\" ><div id=\"panel-259-1-0-0\" class=\"so-panel widget panel-first-child panel-last-child\" data-index=\"1\" ><\/div><\/div><\/div><div id=\"pg-259-2\"  class=\"panel-grid panel-no-style\" ><div id=\"pgc-259-2-0\"  class=\"panel-grid-cell panel-grid-cell-empty\" ><\/div><div id=\"pgc-259-2-1\"  class=\"panel-grid-cell panel-grid-cell-mobile-last\" ><div id=\"panel-259-2-1-0\" class=\"so-panel widget widget_media_image panel-first-child panel-last-child\" data-index=\"2\" ><img decoding=\"async\" width=\"879\" height=\"564\" src=\"https:\/\/ipse.gov.co\/cnm\/wp-content\/uploads\/sites\/3\/2020\/12\/seguimiento.png\" class=\"image wp-image-797  attachment-5000x3208 size-5000x3208\" alt=\"\" style=\"max-width: 100%; height: auto;\" srcset=\"https:\/\/ipse.gov.co\/cnm\/wp-content\/uploads\/sites\/3\/2020\/12\/seguimiento.png 879w, https:\/\/ipse.gov.co\/cnm\/wp-content\/uploads\/sites\/3\/2020\/12\/seguimiento-300x192.png 300w, https:\/\/ipse.gov.co\/cnm\/wp-content\/uploads\/sites\/3\/2020\/12\/seguimiento-768x493.png 768w\" sizes=\"(max-width: 879px) 100vw, 879px\" \/><\/div><\/div><div id=\"pgc-259-2-2\"  class=\"panel-grid-cell panel-grid-cell-empty\" ><\/div><\/div><div id=\"pg-259-3\"  class=\"panel-grid panel-no-style\" ><div id=\"pgc-259-3-0\"  class=\"panel-grid-cell\" ><div id=\"panel-259-3-0-0\" class=\"so-panel widget widget_text panel-first-child panel-last-child\" data-index=\"3\" >\t\t\t<div class=\"textwidget\"><h4 style=\"text-align: center;\"><strong><span style=\"color: #0000ff;\">Informes semanales de Operaci\u00f3n localidades con telemetr\u00eda.<\/span><\/strong><\/h4>\n<p><a href=\"https:\/\/ipse.gov.co\/cnm\/informe-semanal\/\"><img fetchpriority=\"high\" decoding=\"async\" fetchpriority=\"high\" class=\"aligncenter wp-image-795 size-large\" src=\"https:\/\/ipse.gov.co\/cnm\/wp-content\/uploads\/sites\/3\/2020\/12\/Botones-CNM-10-1-1024x379.png\" alt=\"\" width=\"885\" height=\"328\" srcset=\"https:\/\/ipse.gov.co\/cnm\/wp-content\/uploads\/sites\/3\/2020\/12\/Botones-CNM-10-1-1024x379.png 1024w, https:\/\/ipse.gov.co\/cnm\/wp-content\/uploads\/sites\/3\/2020\/12\/Botones-CNM-10-1-300x111.png 300w, https:\/\/ipse.gov.co\/cnm\/wp-content\/uploads\/sites\/3\/2020\/12\/Botones-CNM-10-1-768x284.png 768w, https:\/\/ipse.gov.co\/cnm\/wp-content\/uploads\/sites\/3\/2020\/12\/Botones-CNM-10-1.png 1080w\" sizes=\"(max-width: 885px) 100vw, 885px\" \/><\/a><\/p>\n<p>&nbsp;<\/p>\n<\/div>\n\t\t<\/div><\/div><div id=\"pgc-259-3-1\"  class=\"panel-grid-cell\" ><div id=\"panel-259-3-1-0\" class=\"so-panel widget widget_media_image panel-first-child panel-last-child\" data-index=\"4\" ><img loading=\"lazy\" decoding=\"async\" width=\"590\" height=\"393\" src=\"https:\/\/ipse.gov.co\/cnm\/wp-content\/uploads\/sites\/3\/2021\/01\/Captura-de-pantalla-754.png\" class=\"image wp-image-865  attachment-full size-full\" alt=\"\" style=\"max-width: 100%; height: auto;\" srcset=\"https:\/\/ipse.gov.co\/cnm\/wp-content\/uploads\/sites\/3\/2021\/01\/Captura-de-pantalla-754.png 590w, https:\/\/ipse.gov.co\/cnm\/wp-content\/uploads\/sites\/3\/2021\/01\/Captura-de-pantalla-754-300x200.png 300w, https:\/\/ipse.gov.co\/cnm\/wp-content\/uploads\/sites\/3\/2021\/01\/Captura-de-pantalla-754-272x182.png 272w\" sizes=\"(max-width: 590px) 100vw, 590px\" \/><\/div><\/div><\/div><div id=\"pg-259-4\"  class=\"panel-grid panel-no-style\" ><div id=\"pgc-259-4-0\"  class=\"panel-grid-cell\" ><div id=\"panel-259-4-0-0\" class=\"so-panel widget widget_text panel-first-child panel-last-child\" data-index=\"5\" >\t\t\t<div class=\"textwidget\"><h4 style=\"text-align: center;\"><span style=\"color: #0000ff;\"><strong>Seguimiento y monitoreo del consumo<\/strong> de energ\u00eda el\u00e9ctrica en tiempo real\u00a0 de las centrales de generaci\u00f3n en las ZNI.<\/span><\/h4>\n<p><a href=\"https:\/\/ipse.gov.co\/cnm\/tiempo-real-ipse\/\"><img loading=\"lazy\" decoding=\"async\" class=\"aligncenter wp-image-796 size-large\" src=\"https:\/\/ipse.gov.co\/cnm\/wp-content\/uploads\/sites\/3\/2020\/12\/Botones-CNM-09-1-1024x379.png\" alt=\"\" width=\"885\" height=\"328\" srcset=\"https:\/\/ipse.gov.co\/cnm\/wp-content\/uploads\/sites\/3\/2020\/12\/Botones-CNM-09-1-1024x379.png 1024w, https:\/\/ipse.gov.co\/cnm\/wp-content\/uploads\/sites\/3\/2020\/12\/Botones-CNM-09-1-300x111.png 300w, https:\/\/ipse.gov.co\/cnm\/wp-content\/uploads\/sites\/3\/2020\/12\/Botones-CNM-09-1-768x284.png 768w, https:\/\/ipse.gov.co\/cnm\/wp-content\/uploads\/sites\/3\/2020\/12\/Botones-CNM-09-1.png 1080w\" sizes=\"(max-width: 885px) 100vw, 885px\" \/><\/a><\/p>\n<\/div>\n\t\t<\/div><\/div><div id=\"pgc-259-4-1\"  class=\"panel-grid-cell\" ><div id=\"panel-259-4-1-0\" class=\"so-panel widget widget_media_image panel-first-child panel-last-child\" data-index=\"6\" ><img loading=\"lazy\" decoding=\"async\" width=\"588\" height=\"351\" src=\"https:\/\/ipse.gov.co\/cnm\/wp-content\/uploads\/sites\/3\/2021\/01\/Captura-de-pantalla-755.png\" class=\"image wp-image-866  attachment-full size-full\" alt=\"\" style=\"max-width: 100%; height: auto;\" srcset=\"https:\/\/ipse.gov.co\/cnm\/wp-content\/uploads\/sites\/3\/2021\/01\/Captura-de-pantalla-755.png 588w, https:\/\/ipse.gov.co\/cnm\/wp-content\/uploads\/sites\/3\/2021\/01\/Captura-de-pantalla-755-300x179.png 300w\" sizes=\"(max-width: 588px) 100vw, 588px\" \/><\/div><\/div><\/div><\/div>","protected":false},"excerpt":{"rendered":"<p>Informes semanales de Operaci\u00f3n localidades con telemetr\u00eda. &nbsp; Seguimiento y monitoreo del consumo de energ\u00eda el\u00e9ctrica en tiempo real\u00a0 de las centrales de generaci\u00f3n en las ZNI.<\/p>\n","protected":false},"author":1,"featured_media":0,"parent":0,"menu_order":0,"comment_status":"closed","ping_status":"closed","template":"","meta":{"footnotes":""},"class_list":["post-259","page","type-page","status-publish","hentry"],"yoast_head":"<!-- This site is optimized with the Yoast SEO Premium plugin v25.3 (Yoast SEO v25.3.1) - https:\/\/yoast.com\/wordpress\/plugins\/seo\/ -->\n<title>Presentaci\u00f3n del Servicio - IPSE-CNM<\/title>\n<meta name=\"robots\" content=\"index, follow, max-snippet:-1, max-image-preview:large, max-video-preview:-1\" \/>\n<link rel=\"canonical\" href=\"https:\/\/ipse.gov.co\/cnm\/prestacion-del-servicio\/\" \/>\n<meta property=\"og:locale\" content=\"es_ES\" \/>\n<meta property=\"og:type\" content=\"article\" \/>\n<meta property=\"og:title\" content=\"Presentaci\u00f3n del Servicio\" \/>\n<meta property=\"og:description\" content=\"Informes semanales de Operaci\u00f3n localidades con telemetr\u00eda. &nbsp; Seguimiento y monitoreo del consumo de energ\u00eda el\u00e9ctrica en tiempo real\u00a0 de las centrales de generaci\u00f3n en las ZNI.\" \/>\n<meta property=\"og:url\" content=\"https:\/\/ipse.gov.co\/cnm\/prestacion-del-servicio\/\" \/>\n<meta property=\"og:site_name\" content=\"IPSE-CNM\" \/>\n<meta property=\"article:modified_time\" content=\"2021-01-28T00:56:52+00:00\" \/>\n<meta property=\"og:image\" content=\"https:\/\/ipse.gov.co\/cnm\/wp-content\/uploads\/sites\/3\/2020\/12\/Botones-CNM-10-1-1024x379.png\" \/>\n<meta name=\"twitter:card\" content=\"summary_large_image\" \/>\n<script type=\"application\/ld+json\" class=\"yoast-schema-graph\">{\"@context\":\"https:\/\/schema.org\",\"@graph\":[{\"@type\":\"WebPage\",\"@id\":\"https:\/\/ipse.gov.co\/cnm\/prestacion-del-servicio\/\",\"url\":\"https:\/\/ipse.gov.co\/cnm\/prestacion-del-servicio\/\",\"name\":\"Presentaci\u00f3n del Servicio - IPSE-CNM\",\"isPartOf\":{\"@id\":\"https:\/\/ipse.gov.co\/cnm\/#website\"},\"primaryImageOfPage\":{\"@id\":\"https:\/\/ipse.gov.co\/cnm\/prestacion-del-servicio\/#primaryimage\"},\"image\":{\"@id\":\"https:\/\/ipse.gov.co\/cnm\/prestacion-del-servicio\/#primaryimage\"},\"thumbnailUrl\":\"https:\/\/ipse.gov.co\/cnm\/wp-content\/uploads\/sites\/3\/2020\/12\/Botones-CNM-10-1-1024x379.png\",\"datePublished\":\"2020-08-11T14:42:57+00:00\",\"dateModified\":\"2021-01-28T00:56:52+00:00\",\"breadcrumb\":{\"@id\":\"https:\/\/ipse.gov.co\/cnm\/prestacion-del-servicio\/#breadcrumb\"},\"inLanguage\":\"es\",\"potentialAction\":[{\"@type\":\"ReadAction\",\"target\":[\"https:\/\/ipse.gov.co\/cnm\/prestacion-del-servicio\/\"]}]},{\"@type\":\"ImageObject\",\"inLanguage\":\"es\",\"@id\":\"https:\/\/ipse.gov.co\/cnm\/prestacion-del-servicio\/#primaryimage\",\"url\":\"https:\/\/ipse.gov.co\/cnm\/wp-content\/uploads\/sites\/3\/2020\/12\/Botones-CNM-10-1.png\",\"contentUrl\":\"https:\/\/ipse.gov.co\/cnm\/wp-content\/uploads\/sites\/3\/2020\/12\/Botones-CNM-10-1.png\",\"width\":1080,\"height\":400},{\"@type\":\"BreadcrumbList\",\"@id\":\"https:\/\/ipse.gov.co\/cnm\/prestacion-del-servicio\/#breadcrumb\",\"itemListElement\":[{\"@type\":\"ListItem\",\"position\":1,\"name\":\"Portada\",\"item\":\"https:\/\/ipse.gov.co\/cnm\/\"},{\"@type\":\"ListItem\",\"position\":2,\"name\":\"Presentaci\u00f3n del Servicio\"}]},{\"@type\":\"WebSite\",\"@id\":\"https:\/\/ipse.gov.co\/cnm\/#website\",\"url\":\"https:\/\/ipse.gov.co\/cnm\/\",\"name\":\"IPSE-CNM\",\"description\":\"Energ\u00eda que nos Conecta\",\"potentialAction\":[{\"@type\":\"SearchAction\",\"target\":{\"@type\":\"EntryPoint\",\"urlTemplate\":\"https:\/\/ipse.gov.co\/cnm\/?s={search_term_string}\"},\"query-input\":{\"@type\":\"PropertyValueSpecification\",\"valueRequired\":true,\"valueName\":\"search_term_string\"}}],\"inLanguage\":\"es\"}]}<\/script>\n<!-- \/ Yoast SEO Premium plugin. -->","yoast_head_json":{"title":"Presentaci\u00f3n del Servicio - IPSE-CNM","robots":{"index":"index","follow":"follow","max-snippet":"max-snippet:-1","max-image-preview":"max-image-preview:large","max-video-preview":"max-video-preview:-1"},"canonical":"https:\/\/ipse.gov.co\/cnm\/prestacion-del-servicio\/","og_locale":"es_ES","og_type":"article","og_title":"Presentaci\u00f3n del Servicio","og_description":"Informes semanales de Operaci\u00f3n localidades con telemetr\u00eda. &nbsp; Seguimiento y monitoreo del consumo de energ\u00eda el\u00e9ctrica en tiempo real\u00a0 de las centrales de generaci\u00f3n en las ZNI.","og_url":"https:\/\/ipse.gov.co\/cnm\/prestacion-del-servicio\/","og_site_name":"IPSE-CNM","article_modified_time":"2021-01-28T00:56:52+00:00","og_image":[{"url":"https:\/\/ipse.gov.co\/cnm\/wp-content\/uploads\/sites\/3\/2020\/12\/Botones-CNM-10-1-1024x379.png","type":"","width":"","height":""}],"twitter_card":"summary_large_image","schema":{"@context":"https:\/\/schema.org","@graph":[{"@type":"WebPage","@id":"https:\/\/ipse.gov.co\/cnm\/prestacion-del-servicio\/","url":"https:\/\/ipse.gov.co\/cnm\/prestacion-del-servicio\/","name":"Presentaci\u00f3n del Servicio - IPSE-CNM","isPartOf":{"@id":"https:\/\/ipse.gov.co\/cnm\/#website"},"primaryImageOfPage":{"@id":"https:\/\/ipse.gov.co\/cnm\/prestacion-del-servicio\/#primaryimage"},"image":{"@id":"https:\/\/ipse.gov.co\/cnm\/prestacion-del-servicio\/#primaryimage"},"thumbnailUrl":"https:\/\/ipse.gov.co\/cnm\/wp-content\/uploads\/sites\/3\/2020\/12\/Botones-CNM-10-1-1024x379.png","datePublished":"2020-08-11T14:42:57+00:00","dateModified":"2021-01-28T00:56:52+00:00","breadcrumb":{"@id":"https:\/\/ipse.gov.co\/cnm\/prestacion-del-servicio\/#breadcrumb"},"inLanguage":"es","potentialAction":[{"@type":"ReadAction","target":["https:\/\/ipse.gov.co\/cnm\/prestacion-del-servicio\/"]}]},{"@type":"ImageObject","inLanguage":"es","@id":"https:\/\/ipse.gov.co\/cnm\/prestacion-del-servicio\/#primaryimage","url":"https:\/\/ipse.gov.co\/cnm\/wp-content\/uploads\/sites\/3\/2020\/12\/Botones-CNM-10-1.png","contentUrl":"https:\/\/ipse.gov.co\/cnm\/wp-content\/uploads\/sites\/3\/2020\/12\/Botones-CNM-10-1.png","width":1080,"height":400},{"@type":"BreadcrumbList","@id":"https:\/\/ipse.gov.co\/cnm\/prestacion-del-servicio\/#breadcrumb","itemListElement":[{"@type":"ListItem","position":1,"name":"Portada","item":"https:\/\/ipse.gov.co\/cnm\/"},{"@type":"ListItem","position":2,"name":"Presentaci\u00f3n del Servicio"}]},{"@type":"WebSite","@id":"https:\/\/ipse.gov.co\/cnm\/#website","url":"https:\/\/ipse.gov.co\/cnm\/","name":"IPSE-CNM","description":"Energ\u00eda que nos Conecta","potentialAction":[{"@type":"SearchAction","target":{"@type":"EntryPoint","urlTemplate":"https:\/\/ipse.gov.co\/cnm\/?s={search_term_string}"},"query-input":{"@type":"PropertyValueSpecification","valueRequired":true,"valueName":"search_term_string"}}],"inLanguage":"es"}]}},"_links":{"self":[{"href":"https:\/\/ipse.gov.co\/cnm\/wp-json\/wp\/v2\/pages\/259"}],"collection":[{"href":"https:\/\/ipse.gov.co\/cnm\/wp-json\/wp\/v2\/pages"}],"about":[{"href":"https:\/\/ipse.gov.co\/cnm\/wp-json\/wp\/v2\/types\/page"}],"author":[{"embeddable":true,"href":"https:\/\/ipse.gov.co\/cnm\/wp-json\/wp\/v2\/users\/1"}],"replies":[{"embeddable":true,"href":"https:\/\/ipse.gov.co\/cnm\/wp-json\/wp\/v2\/comments?post=259"}],"version-history":[{"count":0,"href":"https:\/\/ipse.gov.co\/cnm\/wp-json\/wp\/v2\/pages\/259\/revisions"}],"wp:attachment":[{"href":"https:\/\/ipse.gov.co\/cnm\/wp-json\/wp\/v2\/media?parent=259"}],"curies":[{"name":"wp","href":"https:\/\/api.w.org\/{rel}","templated":true}]}}