{"id":714,"date":"2020-11-27T16:55:57","date_gmt":"2020-11-27T16:55:57","guid":{"rendered":"http:\/\/ipse.gov.co\/cnm\/?page_id=714"},"modified":"2026-02-05T14:40:02","modified_gmt":"2026-02-05T19:40:02","slug":"caracterizacion-energetica-de-las-zni-ipse","status":"publish","type":"page","link":"https:\/\/ipse.gov.co\/cnm\/caracterizacion-energetica-de-las-zni-ipse\/","title":{"rendered":"Caracterizaci\u00f3n Energ\u00e9tica de las ZNI-IPSE"},"content":{"rendered":"<div id=\"pl-714\"  class=\"panel-layout\" ><div id=\"pg-714-0\"  class=\"panel-grid panel-no-style\" ><div id=\"pgc-714-0-0\"  class=\"panel-grid-cell\" ><\/div><\/div><div id=\"pg-714-1\"  class=\"panel-grid panel-no-style\" ><div id=\"pgc-714-1-0\"  class=\"panel-grid-cell\" ><div id=\"panel-714-1-0-0\" class=\"so-panel widget widget_maxmegamenu panel-first-child panel-last-child\" data-index=\"1\" ><div id=\"mega-menu-wrap-max_mega_menu_1\" class=\"mega-menu-wrap\"><div class=\"mega-menu-toggle\"><div class=\"mega-toggle-blocks-left\"><\/div><div class=\"mega-toggle-blocks-center\"><\/div><div class=\"mega-toggle-blocks-right\"><div class='mega-toggle-block mega-menu-toggle-animated-block mega-toggle-block-0' id='mega-toggle-block-0'><button aria-label=\"Toggle Menu\" class=\"mega-toggle-animated mega-toggle-animated-slider\" type=\"button\" aria-haspopup=\"true\" aria-expanded=\"false\" aria-controls=\"mega-menu-max_mega_menu_1\">\n                  <span class=\"mega-toggle-animated-box\">\n                    <span class=\"mega-toggle-animated-inner\"><\/span>\n                  <\/span>\n                <\/button><\/div><\/div><\/div><ul id=\"mega-menu-max_mega_menu_1\" class=\"mega-menu max-mega-menu mega-menu-horizontal mega-no-js\" data-event=\"hover_intent\" data-effect=\"fade_up\" data-effect-speed=\"200\" data-effect-mobile=\"disabled\" data-effect-speed-mobile=\"0\" data-mobile-force-width=\"false\" data-second-click=\"go\" data-document-click=\"collapse\" data-vertical-behaviour=\"standard\" data-breakpoint=\"600\" data-unbind=\"true\" data-mobile-state=\"collapse_all\" data-mobile-direction=\"vertical\" data-hover-intent-timeout=\"300\" data-hover-intent-interval=\"100\" data-overlay-desktop=\"false\" data-overlay-mobile=\"false\"><li class=\"mega-menu-item mega-menu-item-type-custom mega-menu-item-object-custom mega-align-bottom-left mega-menu-flyout mega-menu-item-652 menu-item\" id=\"mega-menu-item-652\"><a class=\"mega-menu-link\" href=\"https:\/\/ipse.gov.co\/cnm\/que-es-y-objetivos-del-cnm\/\">\u00bfQu\u00e9 es? y Objetivos del CNM<\/a><\/li><li class=\"mega-menu-item mega-menu-item-type-custom mega-menu-item-object-custom mega-align-bottom-left mega-menu-flyout mega-menu-item-653 menu-item\" id=\"mega-menu-item-653\"><a class=\"mega-menu-link\" href=\"https:\/\/ipse.gov.co\/cnm\/caracterizacion-de-las-zni\/\">Caracterizaci\u00f3n Energ\u00e9tica de las  ZNI<\/a><\/li><li class=\"mega-menu-item mega-menu-item-type-custom mega-menu-item-object-custom mega-align-bottom-left mega-menu-flyout mega-menu-item-654 menu-item\" id=\"mega-menu-item-654\"><a class=\"mega-menu-link\" href=\"https:\/\/ipse.gov.co\/cnm\/prestacion-del-servicio\/\">Prestaci\u00f3n del Servicio<\/a><\/li><li class=\"mega-menu-item mega-menu-item-type-custom mega-menu-item-object-custom mega-align-bottom-left mega-menu-flyout mega-menu-item-655 menu-item\" id=\"mega-menu-item-655\"><a class=\"mega-menu-link\" href=\"https:\/\/ipse.gov.co\/cnm\/informes-de-operacion\/\">Informes  de Operaci\u00f3n<\/a><\/li><li class=\"mega-menu-item mega-menu-item-type-custom mega-menu-item-object-custom mega-align-bottom-left mega-menu-flyout mega-menu-item-656 menu-item\" id=\"mega-menu-item-656\"><a class=\"mega-menu-link\" href=\"https:\/\/ipse.gov.co\/cnm\/potenciales-energeticos\/\">Potenciales Energ\u00e9ticos<\/a><\/li><\/ul><\/div><\/div><\/div><\/div><div id=\"pg-714-2\"  class=\"panel-grid panel-no-style\" ><div id=\"pgc-714-2-0\"  class=\"panel-grid-cell\" ><div id=\"panel-714-2-0-0\" class=\"widget_text so-panel widget widget_custom_html panel-first-child panel-last-child\" data-index=\"2\" ><div class=\"textwidget custom-html-widget\"><style>\n       .errordiv { padding:10px; margin:10px; border: 1px solid #555555;color: #000000;background-color: #f8f8f8; width:500px; }#advanced_iframe {visibility:visible;opacity:1;vertical-align:top;}.ai-info-bottom-iframe { position: fixed; z-index: 10000; bottom:0; left: 0; margin: 0px; text-align: center; width: 100%; background-color: #ff9999; padding-left: 5px;padding-bottom: 5px; border-top: 1px solid #aaa } a.ai-bold {font-weight: bold;}#ai-layer-div-advanced_iframe p {height:100%;margin:0;padding:0}<\/style><script type=\"text\/javascript\">var ai_iframe_width_advanced_iframe = 0;var ai_iframe_height_advanced_iframe = 0;function aiReceiveMessageadvanced_iframe(event) {  aiProcessMessage(event,\"advanced_iframe\", \"true\",\"\",\"false\",\"false\");}if (window.addEventListener) {  window.addEventListener(\"message\", aiReceiveMessageadvanced_iframe);} else if (el.attachEvent)  {  el.attachEvent(\"message\", aiReceiveMessageadvanced_iframe);}var aiOnloadScrollTop=\"true\";var aiShowDebug=false;\n\t\tif (typeof aiReadyCallbacks === 'undefined') {\n\t\t\tvar aiReadyCallbacks = [];\n\t\t} else if (!(aiReadyCallbacks instanceof Array)) {\n\t\t\tvar aiReadyCallbacks = [];\n\t\t}    function aiShowIframeId(id_iframe) { jQuery(\"#\"+id_iframe).css(\"visibility\", \"visible\");    }    function aiResizeIframeHeight(height) { aiResizeIframeHeight(height,advanced_iframe); }    function aiResizeIframeHeightId(height,width,id) {aiResizeIframeHeightById(id,height);}<\/script><iframe id=\"advanced_iframe\"  name=\"advanced_iframe\"  src=\"https:\/\/sigipse.ipse.gov.co\/portal\/apps\/dashboards\/0cbe8524ddf34903b5ed9919b26edea4\"  width=\"100%\"  height=\"1200\"  frameborder=\"0\"  border=\"0\"  allowtransparency=\"true\"  loading=\"lazy\"  style=\";border-width: 0px;;border: none;;width:100%;;height:1200px;\" ><\/iframe><script type=\"text\/javascript\">var ifrm_advanced_iframe = document.getElementById(\"advanced_iframe\");var hiddenTabsDoneadvanced_iframe = false;\nfunction resizeCallbackadvanced_iframe() {}<\/script><script type=\"text\/javascript\"><\/script><p style=\"display:block !important; visibility:visible !important;margin: -18px 14px 0 0;padding-left: 3px;padding-top:3px;background: white; overflow: hidden; position: relative; line-height:15px;width: fit-content;\"><small style=\"display:block !important;visibility:visible !important\">powered by Advanced iFrame<\/small><\/p><\/div><\/div><\/div><\/div><\/div>","protected":false},"excerpt":{"rendered":"<p>\u00bfQu\u00e9 es? y Objetivos del CNMCaracterizaci\u00f3n Energ\u00e9tica de las ZNIPrestaci\u00f3n del ServicioInformes de Operaci\u00f3nPotenciales Energ\u00e9ticospowered by Advanced iFrame<\/p>\n","protected":false},"author":1,"featured_media":0,"parent":0,"menu_order":0,"comment_status":"closed","ping_status":"closed","template":"","meta":{"footnotes":""},"class_list":["post-714","page","type-page","status-publish","hentry"],"yoast_head":"<!-- This site is optimized with the Yoast SEO Premium plugin v25.3 (Yoast SEO v25.3.1) - https:\/\/yoast.com\/wordpress\/plugins\/seo\/ -->\n<title>Caracterizaci\u00f3n Energ\u00e9tica de las ZNI-IPSE - IPSE-CNM<\/title>\n<meta name=\"robots\" content=\"index, follow, max-snippet:-1, max-image-preview:large, max-video-preview:-1\" \/>\n<link rel=\"canonical\" href=\"https:\/\/ipse.gov.co\/cnm\/caracterizacion-energetica-de-las-zni-ipse\/\" \/>\n<meta property=\"og:locale\" content=\"es_ES\" \/>\n<meta property=\"og:type\" content=\"article\" \/>\n<meta property=\"og:title\" content=\"Caracterizaci\u00f3n Energ\u00e9tica de las ZNI-IPSE\" \/>\n<meta property=\"og:description\" content=\"\u00bfQu\u00e9 es? y Objetivos del CNMCaracterizaci\u00f3n Energ\u00e9tica de las ZNIPrestaci\u00f3n del ServicioInformes de Operaci\u00f3nPotenciales Energ\u00e9ticospowered by Advanced iFrame\" \/>\n<meta property=\"og:url\" content=\"https:\/\/ipse.gov.co\/cnm\/caracterizacion-energetica-de-las-zni-ipse\/\" \/>\n<meta property=\"og:site_name\" content=\"IPSE-CNM\" \/>\n<meta property=\"article:modified_time\" content=\"2026-02-05T19:40:02+00:00\" \/>\n<meta name=\"twitter:card\" content=\"summary_large_image\" \/>\n<meta name=\"twitter:label1\" content=\"Tiempo de lectura\" \/>\n\t<meta name=\"twitter:data1\" content=\"1 minuto\" \/>\n<script type=\"application\/ld+json\" class=\"yoast-schema-graph\">{\"@context\":\"https:\/\/schema.org\",\"@graph\":[{\"@type\":\"WebPage\",\"@id\":\"https:\/\/ipse.gov.co\/cnm\/caracterizacion-energetica-de-las-zni-ipse\/\",\"url\":\"https:\/\/ipse.gov.co\/cnm\/caracterizacion-energetica-de-las-zni-ipse\/\",\"name\":\"Caracterizaci\u00f3n Energ\u00e9tica de las ZNI-IPSE - IPSE-CNM\",\"isPartOf\":{\"@id\":\"https:\/\/ipse.gov.co\/cnm\/#website\"},\"datePublished\":\"2020-11-27T16:55:57+00:00\",\"dateModified\":\"2026-02-05T19:40:02+00:00\",\"breadcrumb\":{\"@id\":\"https:\/\/ipse.gov.co\/cnm\/caracterizacion-energetica-de-las-zni-ipse\/#breadcrumb\"},\"inLanguage\":\"es\",\"potentialAction\":[{\"@type\":\"ReadAction\",\"target\":[\"https:\/\/ipse.gov.co\/cnm\/caracterizacion-energetica-de-las-zni-ipse\/\"]}]},{\"@type\":\"BreadcrumbList\",\"@id\":\"https:\/\/ipse.gov.co\/cnm\/caracterizacion-energetica-de-las-zni-ipse\/#breadcrumb\",\"itemListElement\":[{\"@type\":\"ListItem\",\"position\":1,\"name\":\"Portada\",\"item\":\"https:\/\/ipse.gov.co\/cnm\/\"},{\"@type\":\"ListItem\",\"position\":2,\"name\":\"Caracterizaci\u00f3n Energ\u00e9tica de las ZNI-IPSE\"}]},{\"@type\":\"WebSite\",\"@id\":\"https:\/\/ipse.gov.co\/cnm\/#website\",\"url\":\"https:\/\/ipse.gov.co\/cnm\/\",\"name\":\"IPSE-CNM\",\"description\":\"Energ\u00eda que nos Conecta\",\"potentialAction\":[{\"@type\":\"SearchAction\",\"target\":{\"@type\":\"EntryPoint\",\"urlTemplate\":\"https:\/\/ipse.gov.co\/cnm\/?s={search_term_string}\"},\"query-input\":{\"@type\":\"PropertyValueSpecification\",\"valueRequired\":true,\"valueName\":\"search_term_string\"}}],\"inLanguage\":\"es\"}]}<\/script>\n<!-- \/ Yoast SEO Premium plugin. -->","yoast_head_json":{"title":"Caracterizaci\u00f3n Energ\u00e9tica de las ZNI-IPSE - IPSE-CNM","robots":{"index":"index","follow":"follow","max-snippet":"max-snippet:-1","max-image-preview":"max-image-preview:large","max-video-preview":"max-video-preview:-1"},"canonical":"https:\/\/ipse.gov.co\/cnm\/caracterizacion-energetica-de-las-zni-ipse\/","og_locale":"es_ES","og_type":"article","og_title":"Caracterizaci\u00f3n Energ\u00e9tica de las ZNI-IPSE","og_description":"\u00bfQu\u00e9 es? y Objetivos del CNMCaracterizaci\u00f3n Energ\u00e9tica de las ZNIPrestaci\u00f3n del ServicioInformes de Operaci\u00f3nPotenciales Energ\u00e9ticospowered by Advanced iFrame","og_url":"https:\/\/ipse.gov.co\/cnm\/caracterizacion-energetica-de-las-zni-ipse\/","og_site_name":"IPSE-CNM","article_modified_time":"2026-02-05T19:40:02+00:00","twitter_card":"summary_large_image","twitter_misc":{"Tiempo de lectura":"1 minuto"},"schema":{"@context":"https:\/\/schema.org","@graph":[{"@type":"WebPage","@id":"https:\/\/ipse.gov.co\/cnm\/caracterizacion-energetica-de-las-zni-ipse\/","url":"https:\/\/ipse.gov.co\/cnm\/caracterizacion-energetica-de-las-zni-ipse\/","name":"Caracterizaci\u00f3n Energ\u00e9tica de las ZNI-IPSE - IPSE-CNM","isPartOf":{"@id":"https:\/\/ipse.gov.co\/cnm\/#website"},"datePublished":"2020-11-27T16:55:57+00:00","dateModified":"2026-02-05T19:40:02+00:00","breadcrumb":{"@id":"https:\/\/ipse.gov.co\/cnm\/caracterizacion-energetica-de-las-zni-ipse\/#breadcrumb"},"inLanguage":"es","potentialAction":[{"@type":"ReadAction","target":["https:\/\/ipse.gov.co\/cnm\/caracterizacion-energetica-de-las-zni-ipse\/"]}]},{"@type":"BreadcrumbList","@id":"https:\/\/ipse.gov.co\/cnm\/caracterizacion-energetica-de-las-zni-ipse\/#breadcrumb","itemListElement":[{"@type":"ListItem","position":1,"name":"Portada","item":"https:\/\/ipse.gov.co\/cnm\/"},{"@type":"ListItem","position":2,"name":"Caracterizaci\u00f3n Energ\u00e9tica de las ZNI-IPSE"}]},{"@type":"WebSite","@id":"https:\/\/ipse.gov.co\/cnm\/#website","url":"https:\/\/ipse.gov.co\/cnm\/","name":"IPSE-CNM","description":"Energ\u00eda que nos Conecta","potentialAction":[{"@type":"SearchAction","target":{"@type":"EntryPoint","urlTemplate":"https:\/\/ipse.gov.co\/cnm\/?s={search_term_string}"},"query-input":{"@type":"PropertyValueSpecification","valueRequired":true,"valueName":"search_term_string"}}],"inLanguage":"es"}]}},"_links":{"self":[{"href":"https:\/\/ipse.gov.co\/cnm\/wp-json\/wp\/v2\/pages\/714"}],"collection":[{"href":"https:\/\/ipse.gov.co\/cnm\/wp-json\/wp\/v2\/pages"}],"about":[{"href":"https:\/\/ipse.gov.co\/cnm\/wp-json\/wp\/v2\/types\/page"}],"author":[{"embeddable":true,"href":"https:\/\/ipse.gov.co\/cnm\/wp-json\/wp\/v2\/users\/1"}],"replies":[{"embeddable":true,"href":"https:\/\/ipse.gov.co\/cnm\/wp-json\/wp\/v2\/comments?post=714"}],"version-history":[{"count":0,"href":"https:\/\/ipse.gov.co\/cnm\/wp-json\/wp\/v2\/pages\/714\/revisions"}],"wp:attachment":[{"href":"https:\/\/ipse.gov.co\/cnm\/wp-json\/wp\/v2\/media?parent=714"}],"curies":[{"name":"wp","href":"https:\/\/api.w.org\/{rel}","templated":true}]}}