{"id":5292,"date":"2022-09-01T22:37:34","date_gmt":"2022-09-01T22:37:34","guid":{"rendered":"https:\/\/ipse.gov.co\/intranet\/?page_id=5292"},"modified":"2022-09-02T01:17:38","modified_gmt":"2022-09-02T01:17:38","slug":"protocolo-de-relacionamiento","status":"publish","type":"page","link":"https:\/\/ipse.gov.co\/intranet\/protocolo-de-relacionamiento\/","title":{"rendered":"Protocolo de Relacionamiento"},"content":{"rendered":"<link href=\"https:\/\/cdn.jsdelivr.net\/npm\/bootstrap@5.0.2\/dist\/css\/bootstrap.min.css\" rel=\"stylesheet\" integrity=\"sha384-EVSTQN3\/azprG1Anm3QDgpJLIm9Nao0Yz1ztcQTwFspd3yD65VohhpuuCOmLASjC\" crossorigin=\"anonymous\">\n<script src=\"https:\/\/cdn.jsdelivr.net\/npm\/@popperjs\/core@2.9.2\/dist\/umd\/popper.min.js\" ><\/script><br \/>\n<script src=\"https:\/\/cdn.jsdelivr.net\/npm\/bootstrap@5.0.2\/dist\/js\/bootstrap.bundle.min.js\" integrity=\"sha384-MrcW6ZMFYlzcLA8Nl+NtUVF0sA7MsXsP1UyJoMp4YLEuNSfAP+JcXn\/tWtIaxVXM\" crossorigin=\"anonymous\"><\/script><br \/>\n<script src=\"https:\/\/cdn.jsdelivr.net\/npm\/bootstrap@5.0.2\/dist\/js\/bootstrap.min.js\" integrity=\"sha384-cVKIPhGWiC2Al4u+LWgxfKTRIcfu0JTxR+EQDz\/bgldoEyl4H0zUF0QKbrJ0EcQF\" crossorigin=\"anonymous\"><\/script><\/p>\n<style type=\"text\/css\">\n  \/***ESTILOS MODIFICADOS PLANTILLA IPSE***\/\n  @media (min-width: 1400px){\n    .container, .container-lg, .container-md, .container-sm, .container-xl, .container-xxl {\n        max-width: 100%;\n    }\n  }\n  .wpfm-floating-wh-wrapper{\n    display: none;\n  }\n  #primary{\n    padding: 0;\n  }\n  br{\n    display: none;\n  }\n  a{\n    text-decoration: none;\n  }\n  #home-protocolo .row>*{\n    width: auto;\n  }\n  \/**CLASES protocolo**\/\n  .btn-protocolo{\n    color: #fff;\n    background-color: #3c4e70ab;\n    border-color: #3c4e70ab;\n    border-radius: 25px;\n    font-size: 2em;\n    padding: 10px 50px;\n    transition: 1s;\n  }\n  .btn-protocolo:hover{\n    color: #fff;\n    background-color: #016e97;\n  }\n  #info-protocolo{\n    margin: 3em 0;\n  }\n  p{\n    font-size: 1.5em;\n    color: #000;\n    padding-right: 2em;\n  }\n  .botones-protocolo{\n    background-color: #bbd1ff;\n    border-radius: 20px;\n    border: 6px solid #bbd1ff;\n    margin: 10px 0;\n    padding: 0;\n    transition: 1s;\n  }\n  .botones-protocolo:hover {\n    background-color: #f6ad00;\n    border: 6px solid #f6ad00;\n  }\n  .boton-geovisor{\n    border-radius: 20px;\n  }\n  .img-border{\n    border-radius: 150px;\n  }\n  #contexto-protocolo{\n    background-image: url(\/documento_intranet\/documento\/protocolo_relacionamiento\/protocolo-onda-bg.png);\n    margin: 2em 0;\n  }\n  #necesidades-protocolo h3{\n    font-size: 5em;\n    font-weight: bold;\n    color: #502064;\n  }\n  .padd-bot-100{\n    padding-bottom: 100px;\n  }\n  #objetivo-protocolo {\n    margin: 2em 0;\n  }\n  #objetivo-protocolo h3{\n    font-size: 5em;\n    font-weight: bold;\n    color: #f15a24;\n  }\n  #caja-protocolo {\n    margin: 2em 0;\n  }\n  #caja-protocolo h3{\n    font-size: 5em;\n    font-weight: bold;\n    color: #05a9c7;\n  }\n  .caja-documentos{\n    margin: 3em;\n  }\n  .caja-doc-naranja:hover{\n    border: 7px solid #f15a25;\n    border-radius: 25px;\n  }\n  .caja-doc-azul:hover{\n    border: 7px solid #05a9c7;\n    border-radius: 25px;\n  }\n  .caja-doc-morada:hover{\n    border: 7px solid #4f2064;\n    border-radius: 25px;\n  }\n  .caja-doc-amarilla:hover{\n    border: 7px solid #ffbd35;\n    border-radius: 25px;\n  }\n  @keyframes bounce {\n    0%, 100%, 20%, 50%, 80% {\n      -webkit-transform: translateY(0);\n      -ms-transform: translateY(0);\n      transform: translateY(0)\n    }\n    40% {\n      -webkit-transform: translateY(-30px);\n      -ms-transform: translateY(-30px);\n      transform: translateY(-30px)\n    }\n    60% {\n      -webkit-transform: translateY(-15px);\n      -ms-transform: translateY(-15px);\n      transform: translateY(-15px)\n    }\n  }\n  .img-bounce{\n    -webkit-animation-duration: 1s;\n    animation-duration: 1s;\n    -webkit-animation-fill-mode: both;\n    animation-fill-mode: both;\n    -webkit-animation-timing-function: ease-in-out;\n    animation-timing-function: ease-in-out;\n    animation-iteration-count: infinite;\n    -webkit-animation-iteration-count: infinite;\n  }\n  .img-bounce:hover{\n    cursor: pointer;\n    animation-name: bounce;\n    -moz-animation-name: bounce;\n  }\n}\n<\/style>\n<div id=\"protocolo\">\n<div>\n<section id=\"home-protocolo\">\n<div class=\"row align-content-center justify-content-center align-items-center\">\n        <img decoding=\"async\" src=\"\/documento_intranet\/documento\/protocolo_relacionamiento\/protocolo-banner.png\" class=\"img-fluid\">\n      <\/div>\n<\/section>\n<section id=\"info-protocolo\">\n<div class=\"row justify-content-center align-items-center\">\n<div class=\"col-xs-12 col-lg-3\">\n          <img decoding=\"async\" src=\"\/documento_intranet\/documento\/protocolo_relacionamiento\/protocolo-img-1.jpg\" class=\"img-fluid img-border\">\n        <\/div>\n<div class=\"col-xs-12 col-lg-6\">\n<p>El IPSE es el Instituto de Planificaci\u00f3n y Promoci\u00f3n de Soluciones Energ\u00e9ticas para Zonas No Interconectadas, entidad adscrita al Ministerio de Minas y Energ\u00eda, que como su nombre lo dice, busca llevar el servicio de energ\u00eda el\u00e9ctrica a todas las zonas del pa\u00eds que no pueden ser parte del Sistema Interconectado Nacional, y raz\u00f3n por la cual a estos lugares de Colombia se les denomina Zonas No Interconectadas.<\/p>\n<p>A partir de informaci\u00f3n confiable, estructuramos e implementamos soluciones energ\u00e9ticas efectivas y duraderas, amigables con el medio ambiente, impulsando esquemas empresariales, con la participaci\u00f3n de las comunidades beneficiarias, dinamizando el desarrollo sostenible, mitigando el cambio clim\u00e1tico y creando oportunidades para una mejor calidad de vida en la Colombia No Interconectada.<\/p>\n<p>La misionalidad del IPSE est\u00e1 directamente conectada con el trabajo en territorio para el beneficio de las comunidades a trav\u00e9s de la energizaci\u00f3n con soluciones confiables y sostenibles.<\/p>\n<p>Es por esto que este documento recoge las principales recomendaciones para los servidores p\u00fablicos de la Entidad y contratistas en su labor de relacionamiento con comunidades.<\/p>\n<\/p><\/div>\n<\/p><\/div>\n<\/section><\/div>\n<section id=\"contexto-protocolo\">\n<div class=\"row justify-content-center align-items-center\">\n<div class=\"col-xs-6 col-lg-3 text-center\">\n        <a href=\"#necesidades-protocolo\" title=\"Necesidades\"><br \/>\n          <img decoding=\"async\" src=\"\/documento_intranet\/documento\/protocolo_relacionamiento\/protocolo-boton-necesidades.png\" class=\"img-fluid img-bounce\"><br \/>\n        <\/a>\n      <\/div>\n<div class=\"col-xs-6 col-lg-3 text-center\">\n        <a href=\"#objetivo-protocolo\" title=\"Objetivo\"><br \/>\n          <img decoding=\"async\" src=\"\/documento_intranet\/documento\/protocolo_relacionamiento\/protocolo-boton-objetivo.png\" class=\"img-fluid img-bounce\"><br \/>\n        <\/a>\n      <\/div>\n<div class=\"col-xs-6 col-lg-3 text-center\">\n        <a href=\"#caja-protocolo\" title=\"Caja de Herramientas\"><br \/>\n          <img decoding=\"async\" src=\"\/documento_intranet\/documento\/protocolo_relacionamiento\/protocolo-boton-herramientas.png\" class=\"img-fluid img-bounce\"><br \/>\n        <\/a>\n      <\/div>\n<div class=\"col-xs-6 col-lg-3 text-center\">\n        <a href=\"https:\/\/bit.ly\/3efLqEm\" target=\"_blank\" title=\"Anexos\" rel=\"noopener\"><br \/>\n          <img decoding=\"async\" src=\"\/documento_intranet\/documento\/protocolo_relacionamiento\/protocolo-boton-anexos.png\" class=\"img-fluid img-bounce\"><br \/>\n        <\/a>\n      <\/div>\n<\/p><\/div>\n<\/section>\n<section id=\"necesidades-protocolo\">\n<h3 class=\"text-center\">NECESIDADES<\/h3>\n<div class=\"row justify-content-center align-items-center\">\n<div class=\"col-xs-6 col-lg-3 text-center\">\n        <img decoding=\"async\" src=\"\/documento_intranet\/documento\/protocolo_relacionamiento\/protocolo-necesidades-1.jpg\" class=\"img-fluid\">\n      <\/div>\n<div class=\"col-xs-6 col-lg-3 text-center\">\n        <img decoding=\"async\" src=\"\/documento_intranet\/documento\/protocolo_relacionamiento\/protocolo-necesidades-2.jpg\" class=\"img-fluid padd-bot-100\">\n      <\/div>\n<div class=\"col-xs-6 col-lg-3 text-center\">\n        <img decoding=\"async\" src=\"\/documento_intranet\/documento\/protocolo_relacionamiento\/protocolo-necesidades-3.jpg\" class=\"img-fluid padd-bot-100\">\n      <\/div>\n<div class=\"col-xs-6 col-lg-3 text-center\">\n        <img decoding=\"async\" src=\"\/documento_intranet\/documento\/protocolo_relacionamiento\/protocolo-necesidades-4.jpg\" class=\"img-fluid\">\n      <\/div>\n<\/p><\/div>\n<\/section>\n<section id=\"objetivo-protocolo\">\n<div class=\"row justify-content-center align-items-center\">\n<div class=\"col-xs-12 col-lg-4\">\n<h3>OBJETIVO<\/h3>\n<p>Entregar una caja de herramientas para los funcionarios y contratistas del IPSE que faciliten el correcto relacionamiento con las comunidades y unifiquen los mensajes de comunicaci\u00f3n y posicionamiento de marca.<\/p>\n<\/p><\/div>\n<div class=\"col-xs-12 col-lg-3\">\n        <img decoding=\"async\" src=\"\/documento_intranet\/documento\/protocolo_relacionamiento\/protocolo-img-2.jpg\" class=\"img-fluid img-border\">\n      <\/div>\n<\/p><\/div>\n<\/section>\n<section id=\"caja-protocolo\">\n<div class=\"row justify-content-center align-items-center\">\n<div class=\"col-xs-12 col-lg-3\">\n        <img decoding=\"async\" src=\"\/documento_intranet\/documento\/protocolo_relacionamiento\/protocolo-img-3.jpg\" class=\"img-fluid img-border\">\n      <\/div>\n<div class=\"col-xs-12 col-lg-4\">\n<h3>CAJA DE HERRAMIENTAS<\/h3>\n<p>Este protocolo se basa en una serie de herramientas realizadas entre el Ministerio de Minas y Energ\u00eda, y el IPSE para alcanzar un buen relacionamiento con las comunidades. Es as\u00ed como se recomienda a funcionarios y contratistas consultar los siguientes documentos:<\/p>\n<\/p><\/div>\n<\/p><\/div>\n<div class=\"row justify-content-center align-items-center caja-documentos\">\n<div class=\"col-xs-12 col-lg-6\">\n<div class=\"col-xs-12\">\n          <a href=\"\/documento_intranet\/documento\/protocolo_relacionamiento\/PPT%20ESTRATEGIA%20SINCRONIZADA.pdf\" target=\"_blank\" title=\"Estrategia Sincronizada de Relacionamiento\" rel=\"noopener\"><br \/>\n            <img decoding=\"async\" src=\"\/documento_intranet\/documento\/protocolo_relacionamiento\/protocolo-caja-1.jpg\" class=\"img-fluid caja-doc-naranja\" style=\"transition: 0.7s;\"><br \/>\n          <\/a>\n        <\/div>\n<div class=\"col-xs-12\">\n          <a href=\"\/documento_intranet\/documento\/protocolo_relacionamiento\/Recomendaciones%20de%20Comunicaci\u00f3n%20p\u00fablica%20MME.pdf\" target=\"_blank\" title=\"Recomendaciones de comunicaci\u00f3n P\u00fablica, Ministerio de Minas y Energ\u00eda\" rel=\"noopener\"><br \/>\n            <img decoding=\"async\" src=\"\/documento_intranet\/documento\/protocolo_relacionamiento\/protocolo-caja-2.jpg\" class=\"img-fluid caja-doc-azul\" style=\"transition: 0.7s;\"><br \/>\n          <\/a>\n        <\/div>\n<\/p><\/div>\n<div class=\"col-xs-12 col-lg-6\">\n<div class=\"col-xs-12\">\n          <a href=\"\/documento_intranet\/documento\/protocolo_relacionamiento\/PROTOCOLO%20DE%20COMUNICACIONES%20IPSE.pdf\" target=\"_blank\" title=\"Protocolo de comunicaciones del IPSE\" rel=\"noopener\"><br \/>\n            <img decoding=\"async\" src=\"\/documento_intranet\/documento\/protocolo_relacionamiento\/protocolo-caja-3.jpg\" class=\"img-fluid caja-doc-morada\" style=\"transition: 0.7s;\"><br \/>\n          <\/a>\n        <\/div>\n<div class=\"col-xs-12\">\n          <a href=\"\/documento_intranet\/documento\/protocolo_relacionamiento\/MANUAL%20DE%20IMAGEN%20IPSE%20-%20CONTRATISTAS.pdf\" target=\"_blank\" title=\"Manual de Imagen del IPSE para Contratista\" rel=\"noopener\"><br \/>\n            <img decoding=\"async\" src=\"\/documento_intranet\/documento\/protocolo_relacionamiento\/protocolo-caja-4.jpg\" class=\"img-fluid caja-doc-amarilla\" style=\"transition: 0.7s;\"><br \/>\n          <\/a>\n        <\/div>\n<\/p><\/div>\n<\/p><\/div>\n<\/section>\n<\/div>\n","protected":false},"excerpt":{"rendered":"<p>El IPSE es el Instituto de Planificaci\u00f3n y Promoci\u00f3n de Soluciones Energ\u00e9ticas para Zonas No Interconectadas, entidad adscrita al Ministerio de Minas y Energ\u00eda, que como su nombre lo dice, busca llevar el servicio de energ\u00eda el\u00e9ctrica a todas las zonas del pa\u00eds que no pueden ser parte del Sistema Interconectado Nacional, y raz\u00f3n por [&hellip;]<\/p>\n","protected":false},"author":1,"featured_media":0,"parent":0,"menu_order":0,"comment_status":"closed","ping_status":"closed","template":"","meta":{"footnotes":""},"class_list":["post-5292","page","type-page","status-publish","hentry"],"yoast_head":"<!-- This site is optimized with the Yoast SEO Premium plugin v25.3 (Yoast SEO v25.3.1) - https:\/\/yoast.com\/wordpress\/plugins\/seo\/ -->\n<title>Protocolo de Relacionamiento - IPSE-INTRANET<\/title>\n<meta name=\"robots\" content=\"index, follow, max-snippet:-1, max-image-preview:large, max-video-preview:-1\" \/>\n<link rel=\"canonical\" href=\"https:\/\/ipse.gov.co\/intranet\/protocolo-de-relacionamiento\/\" \/>\n<meta property=\"og:locale\" content=\"es_ES\" \/>\n<meta property=\"og:type\" content=\"article\" \/>\n<meta property=\"og:title\" content=\"Protocolo de Relacionamiento\" \/>\n<meta property=\"og:description\" content=\"El IPSE es el Instituto de Planificaci\u00f3n y Promoci\u00f3n de Soluciones Energ\u00e9ticas para Zonas No Interconectadas, entidad adscrita al Ministerio de Minas y Energ\u00eda, que como su nombre lo dice, busca llevar el servicio de energ\u00eda el\u00e9ctrica a todas las zonas del pa\u00eds que no pueden ser parte del Sistema Interconectado Nacional, y raz\u00f3n por [&hellip;]\" \/>\n<meta property=\"og:url\" content=\"https:\/\/ipse.gov.co\/intranet\/protocolo-de-relacionamiento\/\" \/>\n<meta property=\"og:site_name\" content=\"IPSE-INTRANET\" \/>\n<meta property=\"article:modified_time\" content=\"2022-09-02T01:17:38+00:00\" \/>\n<meta name=\"twitter:card\" content=\"summary_large_image\" \/>\n<meta name=\"twitter:label1\" content=\"Tiempo de lectura\" \/>\n\t<meta name=\"twitter:data1\" content=\"1 minuto\" \/>\n<script type=\"application\/ld+json\" class=\"yoast-schema-graph\">{\"@context\":\"https:\/\/schema.org\",\"@graph\":[{\"@type\":\"WebPage\",\"@id\":\"https:\/\/ipse.gov.co\/intranet\/protocolo-de-relacionamiento\/\",\"url\":\"https:\/\/ipse.gov.co\/intranet\/protocolo-de-relacionamiento\/\",\"name\":\"Protocolo de Relacionamiento - IPSE-INTRANET\",\"isPartOf\":{\"@id\":\"https:\/\/ipse.gov.co\/intranet\/#website\"},\"datePublished\":\"2022-09-01T22:37:34+00:00\",\"dateModified\":\"2022-09-02T01:17:38+00:00\",\"breadcrumb\":{\"@id\":\"https:\/\/ipse.gov.co\/intranet\/protocolo-de-relacionamiento\/#breadcrumb\"},\"inLanguage\":\"es\",\"potentialAction\":[{\"@type\":\"ReadAction\",\"target\":[\"https:\/\/ipse.gov.co\/intranet\/protocolo-de-relacionamiento\/\"]}]},{\"@type\":\"BreadcrumbList\",\"@id\":\"https:\/\/ipse.gov.co\/intranet\/protocolo-de-relacionamiento\/#breadcrumb\",\"itemListElement\":[{\"@type\":\"ListItem\",\"position\":1,\"name\":\"Portada\",\"item\":\"https:\/\/ipse.gov.co\/intranet\/\"},{\"@type\":\"ListItem\",\"position\":2,\"name\":\"Protocolo de Relacionamiento\"}]},{\"@type\":\"WebSite\",\"@id\":\"https:\/\/ipse.gov.co\/intranet\/#website\",\"url\":\"https:\/\/ipse.gov.co\/intranet\/\",\"name\":\"IPSE-INTRANET\",\"description\":\"Transformamos Territorios\",\"potentialAction\":[{\"@type\":\"SearchAction\",\"target\":{\"@type\":\"EntryPoint\",\"urlTemplate\":\"https:\/\/ipse.gov.co\/intranet\/?s={search_term_string}\"},\"query-input\":{\"@type\":\"PropertyValueSpecification\",\"valueRequired\":true,\"valueName\":\"search_term_string\"}}],\"inLanguage\":\"es\"}]}<\/script>\n<!-- \/ Yoast SEO Premium plugin. -->","yoast_head_json":{"title":"Protocolo de Relacionamiento - IPSE-INTRANET","robots":{"index":"index","follow":"follow","max-snippet":"max-snippet:-1","max-image-preview":"max-image-preview:large","max-video-preview":"max-video-preview:-1"},"canonical":"https:\/\/ipse.gov.co\/intranet\/protocolo-de-relacionamiento\/","og_locale":"es_ES","og_type":"article","og_title":"Protocolo de Relacionamiento","og_description":"El IPSE es el Instituto de Planificaci\u00f3n y Promoci\u00f3n de Soluciones Energ\u00e9ticas para Zonas No Interconectadas, entidad adscrita al Ministerio de Minas y Energ\u00eda, que como su nombre lo dice, busca llevar el servicio de energ\u00eda el\u00e9ctrica a todas las zonas del pa\u00eds que no pueden ser parte del Sistema Interconectado Nacional, y raz\u00f3n por [&hellip;]","og_url":"https:\/\/ipse.gov.co\/intranet\/protocolo-de-relacionamiento\/","og_site_name":"IPSE-INTRANET","article_modified_time":"2022-09-02T01:17:38+00:00","twitter_card":"summary_large_image","twitter_misc":{"Tiempo de lectura":"1 minuto"},"schema":{"@context":"https:\/\/schema.org","@graph":[{"@type":"WebPage","@id":"https:\/\/ipse.gov.co\/intranet\/protocolo-de-relacionamiento\/","url":"https:\/\/ipse.gov.co\/intranet\/protocolo-de-relacionamiento\/","name":"Protocolo de Relacionamiento - IPSE-INTRANET","isPartOf":{"@id":"https:\/\/ipse.gov.co\/intranet\/#website"},"datePublished":"2022-09-01T22:37:34+00:00","dateModified":"2022-09-02T01:17:38+00:00","breadcrumb":{"@id":"https:\/\/ipse.gov.co\/intranet\/protocolo-de-relacionamiento\/#breadcrumb"},"inLanguage":"es","potentialAction":[{"@type":"ReadAction","target":["https:\/\/ipse.gov.co\/intranet\/protocolo-de-relacionamiento\/"]}]},{"@type":"BreadcrumbList","@id":"https:\/\/ipse.gov.co\/intranet\/protocolo-de-relacionamiento\/#breadcrumb","itemListElement":[{"@type":"ListItem","position":1,"name":"Portada","item":"https:\/\/ipse.gov.co\/intranet\/"},{"@type":"ListItem","position":2,"name":"Protocolo de Relacionamiento"}]},{"@type":"WebSite","@id":"https:\/\/ipse.gov.co\/intranet\/#website","url":"https:\/\/ipse.gov.co\/intranet\/","name":"IPSE-INTRANET","description":"Transformamos Territorios","potentialAction":[{"@type":"SearchAction","target":{"@type":"EntryPoint","urlTemplate":"https:\/\/ipse.gov.co\/intranet\/?s={search_term_string}"},"query-input":{"@type":"PropertyValueSpecification","valueRequired":true,"valueName":"search_term_string"}}],"inLanguage":"es"}]}},"_links":{"self":[{"href":"https:\/\/ipse.gov.co\/intranet\/wp-json\/wp\/v2\/pages\/5292"}],"collection":[{"href":"https:\/\/ipse.gov.co\/intranet\/wp-json\/wp\/v2\/pages"}],"about":[{"href":"https:\/\/ipse.gov.co\/intranet\/wp-json\/wp\/v2\/types\/page"}],"author":[{"embeddable":true,"href":"https:\/\/ipse.gov.co\/intranet\/wp-json\/wp\/v2\/users\/1"}],"replies":[{"embeddable":true,"href":"https:\/\/ipse.gov.co\/intranet\/wp-json\/wp\/v2\/comments?post=5292"}],"version-history":[{"count":0,"href":"https:\/\/ipse.gov.co\/intranet\/wp-json\/wp\/v2\/pages\/5292\/revisions"}],"wp:attachment":[{"href":"https:\/\/ipse.gov.co\/intranet\/wp-json\/wp\/v2\/media?parent=5292"}],"curies":[{"name":"wp","href":"https:\/\/api.w.org\/{rel}","templated":true}]}}