{"id":6632,"date":"2023-06-14T15:52:24","date_gmt":"2023-06-14T15:52:24","guid":{"rendered":"https:\/\/ipse.gov.co\/intranet\/?page_id=6632"},"modified":"2024-02-13T21:26:07","modified_gmt":"2024-02-13T21:26:07","slug":"evaluacion-de-desempeno-laboral","status":"publish","type":"page","link":"https:\/\/ipse.gov.co\/intranet\/evaluacion-de-desempeno-laboral\/","title":{"rendered":"Evaluaci\u00f3n de desempe\u00f1o laboral"},"content":{"rendered":"<style type=\"text\/css\">\n  \/****MODS PLANTILLA IPSE****\/\n  h1{\n    font-weight: bold!important;\n    text-align: center;\n  }\n  .pagetitlesec{\n    font-weight: bold;\n  }\n  #posicion .block-system h2{\n    line-height: 0;\n    margin-bottom: 0;\n  }\n  h2 > br {\n    display: none;\n  }\n  .widget ul{\n    margin-left: 30px;\n  }\n  li{\n    list-style-type: disclosure-closed;\n  }\n  a > br{display: none;}\n  \/****MODS PLANTILLA BOOTSTRAP****\/\n  .accordion-button{\n    background-color: #04549c!important;\n    color: #FFF!important;\n  }\n  .accordion-button:focus{\n    border-color: #de2424;\n    box-shadow: 0 0 0 0.25rem #04549c!important;\n  }\n  .accordion-button:not(.collapsed){\n    color: #04549c!important;\n      background-color: #04549c69!important;\n  }\n  .accordion-button::after{\n    background-image: url(\"data:image\/svg+xml,%3csvg xmlns='http:\/\/www.w3.org\/2000\/svg' viewBox='0 0 16 16' fill='%23212529'%3e%3cpath fill-rule='evenodd' d='M1.646 4.646a.5.5 0 0 1 .708 0L8 10.293l5.646-5.647a.5.5 0 0 1 .708.708l-6 6a.5.5 0 0 1-.708 0l-6-6a.5.5 0 0 1 0-.708z'\/%3e%3c\/svg%3e\");\n  }\n<\/style>\n<div class=\"row justify-content-center\">\n<div class=\"col-12 col-sm-10\">\n<div class=\"accordion\" id=\"accordionExample\">\n<div class=\"accordion-item\">\n<h2 class=\"accordion-header\" id=\"heading1\">\n          <button class=\"accordion-button collapsed\" type=\"button\" data-bs-toggle=\"collapse\" data-bs-target=\"#collapse1\" aria-expanded=\"false\" aria-controls=\"collapse1\"><br \/>\n            Carrera administrativa<br \/>\n          <\/button><br \/>\n        <\/h2>\n<div id=\"collapse1\" class=\"accordion-collapse collapse\" aria-labelledby=\"heading1\" data-bs-parent=\"#accordionExample\" style=\"\">\n<div class=\"accordion-body\">\n<table class=\"table table-sm table-info\">\n<thead>\n<tr>\n<th scope=\"col\">Nombre<\/th>\n<th scope=\"col\">Documento<\/th>\n<\/tr>\n<\/thead>\n<tbody>\n<tr>\n<td style=\"width: 80%;\">Resoluci\u00f3n Adopci\u00f3n Carrera Administrativa &#8211; Periodo Prueba<\/td>\n<td style=\"width: 20%;\">\n                    <a href=\"\/documento_intranet\/documento\/evaluaci\u00f3n_desempe\u00f1o_laboral\/EDL_CARRERA\/Resoluci\u00f3n%20Adopci\u00f3n%20Carrera%20Administrativa%20-%20Periodo%20Prueba.pdf\" target=\"_blank\" rel=\"noopener\"><br \/>\n                      <img decoding=\"async\" src=\"\/documento_talento_humano\/img\/pdf.png\" width=\"40\" height=\"40\"><br \/>\n                    <\/a>\n                  <\/td>\n<\/tr>\n<tr>\n<td style=\"width: 80%;\">Cartilla &#8211; Carrera Administrativa<\/td>\n<td style=\"width: 20%;\">\n                    <a href=\"\/documento_intranet\/documento\/evaluaci%C3%B3n_desempe%C3%B1o_laboral\/EDL_CARRERA\/Cartilla%20-%20Carrera%20Administrativa.pdf\" target=\"_blank\" rel=\"noopener\"><br \/>\n                      <img decoding=\"async\" src=\"\/documento_talento_humano\/img\/pdf.png\" width=\"40\" height=\"40\"><br \/>\n                    <\/a>\n                  <\/td>\n<\/tr>\n<tr>\n<td style=\"width: 80%;\">Informe EDL_Corte a 31 de enero de 2023<\/td>\n<td style=\"width: 20%;\">\n                    <a href=\"\/documento_intranet\/documento\/evaluaci%C3%B3n_desempe%C3%B1o_laboral\/EDL_CARRERA\/Informe%20EDL_Corte%20a%2031%20de%20enero%20de%202023.pdf\" target=\"_blank\" rel=\"noopener\"><br \/>\n                      <img decoding=\"async\" src=\"\/documento_talento_humano\/img\/pdf.png\" width=\"40\" height=\"40\"><br \/>\n                    <\/a>\n                  <\/td>\n<\/tr>\n<tr>\n<td style=\"width: 80%;\">Informe EDL_Corte a 31 de enero de 2022<\/td>\n<td style=\"width: 20%;\">\n                    <a href=\"\/documento_intranet\/documento\/evaluaci%C3%B3n_desempe%C3%B1o_laboral\/EDL_CARRERA\/Informe%20EDL_Corte%20a%2031%20de%20enero%20de%202022.pdf\" target=\"_blank\" rel=\"noopener\"><br \/>\n                      <img decoding=\"async\" src=\"\/documento_talento_humano\/img\/pdf.png\" width=\"40\" height=\"40\"><br \/>\n                    <\/a>\n                  <\/td>\n<\/tr>\n<tr>\n<td style=\"width: 80%;\">Informe EDL_Corte a 31 de enero de 2021<\/td>\n<td style=\"width: 20%;\">\n                    <a href=\"\/documento_intranet\/documento\/evaluaci%C3%B3n_desempe%C3%B1o_laboral\/EDL_CARRERA\/Informe%20EDL_Corte%20a%2031%20de%20enero%20de%202021.pdf\" target=\"_blank\" rel=\"noopener\"><br \/>\n                      <img decoding=\"async\" src=\"\/documento_talento_humano\/img\/pdf.png\" width=\"40\" height=\"40\"><br \/>\n                    <\/a>\n                  <\/td>\n<\/tr>\n<\/tbody>\n<\/table><\/div>\n<\/p><\/div>\n<\/p><\/div>\n<div class=\"accordion-item\">\n<h2 class=\"accordion-header\" id=\"heading2\">\n          <button class=\"accordion-button collapsed\" type=\"button\" data-bs-toggle=\"collapse\" data-bs-target=\"#collapse2\" aria-expanded=\"false\" aria-controls=\"collapse2\"><br \/>\n            Libre nombramiento y remoci\u00f3n<br \/>\n          <\/button><br \/>\n        <\/h2>\n<div id=\"collapse2\" class=\"accordion-collapse collapse\" aria-labelledby=\"heading2\" data-bs-parent=\"#accordionExample\" style=\"\">\n<div class=\"accordion-body\">\n<table class=\"table table-sm table-info\">\n<thead>\n<tr>\n<th scope=\"col\">Nombre<\/th>\n<th scope=\"col\">Documento<\/th>\n<\/tr>\n<\/thead>\n<tbody>\n<tr>\n<td style=\"width: 80%;\">Resoluci\u00f3n 20231300000765 &#8211; Por el cual se adopta el sistema de EDL LNYR<\/td>\n<td style=\"width: 20%;\">\n                    <a href=\"\/documento_intranet\/documento\/evaluaci%C3%B3n_desempe%C3%B1o_laboral\/EDL_LNYR\/Resoluci%C3%B3n%2020231300000765%20por%20el%20cual%20se%20adopta%20el%20sistema%20de%20EDL%20LNYR.pdf\" target=\"_blank\" rel=\"noopener\"><br \/>\n                      <img decoding=\"async\" src=\"\/documento_talento_humano\/img\/pdf.png\" width=\"40\" height=\"40\"><br \/>\n                    <\/a>\n                  <\/td>\n<\/tr>\n<tr>\n<td style=\"width: 80%;\">Resoluci\u00f3n 20231300001025 &#8211; Modifica y adiciona la 0765<\/td>\n<td style=\"width: 20%;\">\n                    <a href=\"\/documento_intranet\/documento\/evaluaci%C3%B3n_desempe%C3%B1o_laboral\/EDL_LNYR\/Resoluci%C3%B3n%2020231300001025%20modifica%20y%20adiciona%20la%200765.pdf\" target=\"_blank\" rel=\"noopener\"><br \/>\n                      <img decoding=\"async\" src=\"\/documento_talento_humano\/img\/pdf.png\" width=\"40\" height=\"40\"><br \/>\n                    <\/a>\n                  <\/td>\n<\/tr>\n<tr>\n<td style=\"width: 80%;\">Cartilla libre nombramiento y remoci\u00f3n<\/td>\n<td style=\"width: 20%;\">\n                    <a href=\"\/documento_intranet\/documento\/evaluaci%C3%B3n_desempe%C3%B1o_laboral\/EDL_LNYR\/cartilla%20libre%20nombramiento%20y%20remoci%C3%B3n.pdf\" target=\"_blank\" rel=\"noopener\"><br \/>\n                      <img decoding=\"async\" src=\"\/documento_talento_humano\/img\/pdf.png\" width=\"40\" height=\"40\"><br \/>\n                    <\/a>\n                  <\/td>\n<\/tr>\n<\/tbody>\n<\/table><\/div>\n<\/p><\/div>\n<\/p><\/div>\n<div class=\"accordion-item\">\n<h2 class=\"accordion-header\" id=\"heading3\">\n          <button class=\"accordion-button collapsed\" type=\"button\" data-bs-toggle=\"collapse\" data-bs-target=\"#collapse3\" aria-expanded=\"false\" aria-controls=\"collapse3\"><br \/>\n            Provisionales<br \/>\n          <\/button><br \/>\n        <\/h2>\n<div id=\"collapse3\" class=\"accordion-collapse collapse\" aria-labelledby=\"heading3\" data-bs-parent=\"#accordionExample\" style=\"\">\n<div class=\"accordion-body\">\n<table class=\"table table-sm table-info\">\n<thead>\n<tr>\n<th scope=\"col\">Nombre<\/th>\n<th scope=\"col\">Documento<\/th>\n<\/tr>\n<\/thead>\n<tbody>\n<tr>\n<td style=\"width: 80%;\">Resoluci\u00f3n 20241530000085 &#8211; Modifica Resoluci\u00f3n 20231300001225<\/td>\n<td style=\"width: 20%;\">\n                    <a href=\"\/documento_intranet\/documento\/evaluaci%C3%B3n_desempe%C3%B1o_laboral\/EDL_PROVISIONALES\/RESOLUCION-20241530000085.pdf?_t=1707859398\" target=\"_blank\" rel=\"noopener\"><br \/>\n                      <img decoding=\"async\" src=\"\/documento_talento_humano\/img\/pdf.png\" width=\"40\" height=\"40\"><br \/>\n                    <\/a>\n                  <\/td>\n<\/tr>\n<tr>\n<td style=\"width: 80%;\">Resoluci\u00f3n 20231300001225 Adopta el sistema de EDL provisionales<\/td>\n<td style=\"width: 20%;\">\n                    <a href=\"\/documento_intranet\/documento\/evaluaci%C3%B3n_desempe%C3%B1o_laboral\/EDL_PROVISIONALES\/Resoluci%C3%B3n%20%2020231300001225%20Adopta%20el%20sistema%20de%20EDL%20provisionales.pdf\" target=\"_blank\" rel=\"noopener\"><br \/>\n                      <img decoding=\"async\" src=\"\/documento_talento_humano\/img\/pdf.png\" width=\"40\" height=\"40\"><br \/>\n                    <\/a>\n                  <\/td>\n<\/tr>\n<tr>\n<td style=\"width: 80%;\">Resoluci\u00f3n 20231300001555 &#8211; Modifica EDL Provisionales<\/td>\n<td style=\"width: 20%;\">\n                    <a href=\"\/documento_intranet\/documento\/evaluaci%C3%B3n_desempe%C3%B1o_laboral\/EDL_PROVISIONALES\/RES%2020231300001555%20Modifica%20EDL%20Provisionales.pdf\" target=\"_blank\" rel=\"noopener\"><br \/>\n                      <img decoding=\"async\" src=\"\/documento_talento_humano\/img\/pdf.png\" width=\"40\" height=\"40\"><br \/>\n                    <\/a>\n                  <\/td>\n<\/tr>\n<tr>\n<td style=\"width: 80%;\">Cartilla provisional ABC<\/td>\n<td style=\"width: 20%;\">\n                    <a href=\"\/documento_intranet\/documento\/evaluaci%C3%B3n_desempe%C3%B1o_laboral\/EDL_PROVISIONALES\/Cartilla%20provisional%20ABC.pdf\" target=\"_blank\" rel=\"noopener\"><br \/>\n                      <img decoding=\"async\" src=\"\/documento_talento_humano\/img\/pdf.png\" width=\"40\" height=\"40\"><br \/>\n                    <\/a>\n                  <\/td>\n<\/tr>\n<\/tbody>\n<\/table><\/div>\n<\/p><\/div>\n<\/p><\/div>\n<\/p><\/div>\n<\/p><\/div>\n<\/div>\n","protected":false},"excerpt":{"rendered":"<p>Carrera administrativa Nombre Documento Resoluci\u00f3n Adopci\u00f3n Carrera Administrativa &#8211; Periodo Prueba Cartilla &#8211; Carrera Administrativa Informe EDL_Corte a 31 de enero de 2023 Informe EDL_Corte a 31 de enero de 2022 Informe EDL_Corte a 31 de enero de 2021 Libre nombramiento y remoci\u00f3n Nombre Documento Resoluci\u00f3n 20231300000765 &#8211; Por el cual se adopta el sistema [&hellip;]<\/p>\n","protected":false},"author":1,"featured_media":0,"parent":0,"menu_order":0,"comment_status":"closed","ping_status":"closed","template":"","meta":{"footnotes":""},"class_list":["post-6632","page","type-page","status-publish","hentry"],"yoast_head":"<!-- This site is optimized with the Yoast SEO Premium plugin v25.3 (Yoast SEO v25.3.1) - https:\/\/yoast.com\/wordpress\/plugins\/seo\/ -->\n<title>Evaluaci\u00f3n de desempe\u00f1o laboral - IPSE-INTRANET<\/title>\n<meta name=\"robots\" content=\"index, follow, max-snippet:-1, max-image-preview:large, max-video-preview:-1\" \/>\n<link rel=\"canonical\" href=\"https:\/\/ipse.gov.co\/intranet\/evaluacion-de-desempeno-laboral\/\" \/>\n<meta property=\"og:locale\" content=\"es_ES\" \/>\n<meta property=\"og:type\" content=\"article\" \/>\n<meta property=\"og:title\" content=\"Evaluaci\u00f3n de desempe\u00f1o laboral\" \/>\n<meta property=\"og:description\" content=\"Carrera administrativa Nombre Documento Resoluci\u00f3n Adopci\u00f3n Carrera Administrativa &#8211; Periodo Prueba Cartilla &#8211; Carrera Administrativa Informe EDL_Corte a 31 de enero de 2023 Informe EDL_Corte a 31 de enero de 2022 Informe EDL_Corte a 31 de enero de 2021 Libre nombramiento y remoci\u00f3n Nombre Documento Resoluci\u00f3n 20231300000765 &#8211; Por el cual se adopta el sistema [&hellip;]\" \/>\n<meta property=\"og:url\" content=\"https:\/\/ipse.gov.co\/intranet\/evaluacion-de-desempeno-laboral\/\" \/>\n<meta property=\"og:site_name\" content=\"IPSE-INTRANET\" \/>\n<meta property=\"article:modified_time\" content=\"2024-02-13T21:26:07+00:00\" \/>\n<meta name=\"twitter:card\" content=\"summary_large_image\" \/>\n<script type=\"application\/ld+json\" class=\"yoast-schema-graph\">{\"@context\":\"https:\/\/schema.org\",\"@graph\":[{\"@type\":\"WebPage\",\"@id\":\"https:\/\/ipse.gov.co\/intranet\/evaluacion-de-desempeno-laboral\/\",\"url\":\"https:\/\/ipse.gov.co\/intranet\/evaluacion-de-desempeno-laboral\/\",\"name\":\"Evaluaci\u00f3n de desempe\u00f1o laboral - IPSE-INTRANET\",\"isPartOf\":{\"@id\":\"https:\/\/ipse.gov.co\/intranet\/#website\"},\"datePublished\":\"2023-06-14T15:52:24+00:00\",\"dateModified\":\"2024-02-13T21:26:07+00:00\",\"breadcrumb\":{\"@id\":\"https:\/\/ipse.gov.co\/intranet\/evaluacion-de-desempeno-laboral\/#breadcrumb\"},\"inLanguage\":\"es\",\"potentialAction\":[{\"@type\":\"ReadAction\",\"target\":[\"https:\/\/ipse.gov.co\/intranet\/evaluacion-de-desempeno-laboral\/\"]}]},{\"@type\":\"BreadcrumbList\",\"@id\":\"https:\/\/ipse.gov.co\/intranet\/evaluacion-de-desempeno-laboral\/#breadcrumb\",\"itemListElement\":[{\"@type\":\"ListItem\",\"position\":1,\"name\":\"Portada\",\"item\":\"https:\/\/ipse.gov.co\/intranet\/\"},{\"@type\":\"ListItem\",\"position\":2,\"name\":\"Evaluaci\u00f3n de desempe\u00f1o laboral\"}]},{\"@type\":\"WebSite\",\"@id\":\"https:\/\/ipse.gov.co\/intranet\/#website\",\"url\":\"https:\/\/ipse.gov.co\/intranet\/\",\"name\":\"IPSE-INTRANET\",\"description\":\"Transformamos Territorios\",\"potentialAction\":[{\"@type\":\"SearchAction\",\"target\":{\"@type\":\"EntryPoint\",\"urlTemplate\":\"https:\/\/ipse.gov.co\/intranet\/?s={search_term_string}\"},\"query-input\":{\"@type\":\"PropertyValueSpecification\",\"valueRequired\":true,\"valueName\":\"search_term_string\"}}],\"inLanguage\":\"es\"}]}<\/script>\n<!-- \/ Yoast SEO Premium plugin. -->","yoast_head_json":{"title":"Evaluaci\u00f3n de desempe\u00f1o laboral - IPSE-INTRANET","robots":{"index":"index","follow":"follow","max-snippet":"max-snippet:-1","max-image-preview":"max-image-preview:large","max-video-preview":"max-video-preview:-1"},"canonical":"https:\/\/ipse.gov.co\/intranet\/evaluacion-de-desempeno-laboral\/","og_locale":"es_ES","og_type":"article","og_title":"Evaluaci\u00f3n de desempe\u00f1o laboral","og_description":"Carrera administrativa Nombre Documento Resoluci\u00f3n Adopci\u00f3n Carrera Administrativa &#8211; Periodo Prueba Cartilla &#8211; Carrera Administrativa Informe EDL_Corte a 31 de enero de 2023 Informe EDL_Corte a 31 de enero de 2022 Informe EDL_Corte a 31 de enero de 2021 Libre nombramiento y remoci\u00f3n Nombre Documento Resoluci\u00f3n 20231300000765 &#8211; Por el cual se adopta el sistema [&hellip;]","og_url":"https:\/\/ipse.gov.co\/intranet\/evaluacion-de-desempeno-laboral\/","og_site_name":"IPSE-INTRANET","article_modified_time":"2024-02-13T21:26:07+00:00","twitter_card":"summary_large_image","schema":{"@context":"https:\/\/schema.org","@graph":[{"@type":"WebPage","@id":"https:\/\/ipse.gov.co\/intranet\/evaluacion-de-desempeno-laboral\/","url":"https:\/\/ipse.gov.co\/intranet\/evaluacion-de-desempeno-laboral\/","name":"Evaluaci\u00f3n de desempe\u00f1o laboral - IPSE-INTRANET","isPartOf":{"@id":"https:\/\/ipse.gov.co\/intranet\/#website"},"datePublished":"2023-06-14T15:52:24+00:00","dateModified":"2024-02-13T21:26:07+00:00","breadcrumb":{"@id":"https:\/\/ipse.gov.co\/intranet\/evaluacion-de-desempeno-laboral\/#breadcrumb"},"inLanguage":"es","potentialAction":[{"@type":"ReadAction","target":["https:\/\/ipse.gov.co\/intranet\/evaluacion-de-desempeno-laboral\/"]}]},{"@type":"BreadcrumbList","@id":"https:\/\/ipse.gov.co\/intranet\/evaluacion-de-desempeno-laboral\/#breadcrumb","itemListElement":[{"@type":"ListItem","position":1,"name":"Portada","item":"https:\/\/ipse.gov.co\/intranet\/"},{"@type":"ListItem","position":2,"name":"Evaluaci\u00f3n de desempe\u00f1o laboral"}]},{"@type":"WebSite","@id":"https:\/\/ipse.gov.co\/intranet\/#website","url":"https:\/\/ipse.gov.co\/intranet\/","name":"IPSE-INTRANET","description":"Transformamos Territorios","potentialAction":[{"@type":"SearchAction","target":{"@type":"EntryPoint","urlTemplate":"https:\/\/ipse.gov.co\/intranet\/?s={search_term_string}"},"query-input":{"@type":"PropertyValueSpecification","valueRequired":true,"valueName":"search_term_string"}}],"inLanguage":"es"}]}},"_links":{"self":[{"href":"https:\/\/ipse.gov.co\/intranet\/wp-json\/wp\/v2\/pages\/6632"}],"collection":[{"href":"https:\/\/ipse.gov.co\/intranet\/wp-json\/wp\/v2\/pages"}],"about":[{"href":"https:\/\/ipse.gov.co\/intranet\/wp-json\/wp\/v2\/types\/page"}],"author":[{"embeddable":true,"href":"https:\/\/ipse.gov.co\/intranet\/wp-json\/wp\/v2\/users\/1"}],"replies":[{"embeddable":true,"href":"https:\/\/ipse.gov.co\/intranet\/wp-json\/wp\/v2\/comments?post=6632"}],"version-history":[{"count":0,"href":"https:\/\/ipse.gov.co\/intranet\/wp-json\/wp\/v2\/pages\/6632\/revisions"}],"wp:attachment":[{"href":"https:\/\/ipse.gov.co\/intranet\/wp-json\/wp\/v2\/media?parent=6632"}],"curies":[{"name":"wp","href":"https:\/\/api.w.org\/{rel}","templated":true}]}}