{"id":6851,"date":"2023-07-17T17:38:36","date_gmt":"2023-07-17T17:38:36","guid":{"rendered":"https:\/\/ipse.gov.co\/intranet\/?page_id=6851"},"modified":"2025-06-05T03:14:17","modified_gmt":"2025-06-05T03:14:17","slug":"comision-de-personal","status":"publish","type":"page","link":"https:\/\/ipse.gov.co\/intranet\/comision-de-personal\/","title":{"rendered":"Comisi\u00f3n de Personal"},"content":{"rendered":"<style type=\"text\/css\">\n  \/****MODS PLANTILLA IPSE****\/\n  h1{\n    font-weight: bold!important;\n    text-align: center;\n  }\n  .pagetitlesec{\n    font-weight: bold;\n  }\n  #posicion .block-system h2{\n    line-height: 0;\n    margin-bottom: 0;\n  }\n  h2 > br {\n    display: none;\n  }\n  .widget ul{\n    margin-left: 30px;\n  }\n  li{\n    list-style-type: disclosure-closed;\n  }\n  a > br{display: none;}\n  \/****MODS PLANTILLA BOOTSTRAP****\/\n  .accordion-button{\n    background-color: #04549c!important;\n    color: #FFF!important;\n  }\n  .accordion-button:focus{\n    border-color: #de2424;\n    box-shadow: 0 0 0 0.25rem #04549c!important;\n  }\n  .accordion-button:not(.collapsed){\n    color: #04549c!important;\n      background-color: #04549c69!important;\n  }\n  .accordion-button::after{\n    background-image: url(\"data:image\/svg+xml,%3csvg xmlns='http:\/\/www.w3.org\/2000\/svg' viewBox='0 0 16 16' fill='%23212529'%3e%3cpath fill-rule='evenodd' d='M1.646 4.646a.5.5 0 0 1 .708 0L8 10.293l5.646-5.647a.5.5 0 0 1 .708.708l-6 6a.5.5 0 0 1-.708 0l-6-6a.5.5 0 0 1 0-.708z'\/%3e%3c\/svg%3e\");\n  }\n<\/style>\n<div class=\"row justify-content-center\">\n<div class=\"col-12 col-sm-10\">\n<div class=\"accordion\" id=\"accordionExample\">\n<div class=\"accordion-item\">\n<h2 class=\"accordion-header\" id=\"heading1\">\n          <button class=\"accordion-button collapsed\" type=\"button\" data-bs-toggle=\"collapse\" data-bs-target=\"#collapse3\" aria-expanded=\"true\" aria-controls=\"collapse3\"><br \/>\n            2025<br \/>\n          <\/button><br \/>\n        <\/h2>\n<div id=\"collapse3\" class=\"accordion-collapse collapse show\" aria-labelledby=\"heading3\" data-bs-parent=\"#accordionExample\" style=\"\">\n<div class=\"accordion-body\">\n<table class=\"table table-sm table-info\">\n<thead>\n<tr>\n<th scope=\"col\">Nombre<\/th>\n<th scope=\"col\">Documento<\/th>\n<\/tr>\n<\/thead>\n<tbody>\n<tr>\n<td style=\"width: 70%;\">Convocatoria para la Comisi\u00f3n de Personal periodo 2025-2027<\/td>\n<td style=\"width: 30%;\">\n                    <a href=\"https:\/\/ipse.gov.co\/documento_intranet\/documento\/comision-personal\/2025\/Convocatoria-Comision-de-Personal-2025.pdf\" target=\"_blank\" rel=\"noopener\"><br \/>\n                      <img decoding=\"async\" src=\"\/documento_talento_humano\/img\/pdf.png\" width=\"40\" height=\"40\"><br \/>\n                    <\/a>\n                  <\/td>\n<\/tr>\n<\/tbody>\n<\/table><\/div>\n<\/p><\/div>\n<\/p><\/div>\n<div class=\"accordion-item\">\n<h2 class=\"accordion-header\" id=\"heading1\">\n          <button class=\"accordion-button collapsed\" type=\"button\" data-bs-toggle=\"collapse\" data-bs-target=\"#collapse1\" aria-expanded=\"true\" aria-controls=\"collapse1\"><br \/>\n            2023<br \/>\n          <\/button><br \/>\n        <\/h2>\n<div id=\"collapse1\" class=\"accordion-collapse collapse show\" aria-labelledby=\"heading1\" data-bs-parent=\"#accordionExample\" style=\"\">\n<div class=\"accordion-body\">\n<table class=\"table table-sm table-info\">\n<thead>\n<tr>\n<th scope=\"col\">Nombre<\/th>\n<th scope=\"col\">Documento<\/th>\n<\/tr>\n<\/thead>\n<tbody>\n<tr>\n<td style=\"width: 70%;\">Conformaci\u00f3n de la Comisi\u00f3n de Personal periodo 2023-2025<\/td>\n<td style=\"width: 30%;\">\n                    <a href=\"https:\/\/ipse.gov.co\/documento_intranet\/documento\/comision-personal\/2023\/Conformaci%C3%B3n%20de%20la%20Comisi%C3%B3n%20de%20Personal%20periodo%202023-2025.pdf\" target=\"_blank\" rel=\"noopener\"><br \/>\n                      <img decoding=\"async\" src=\"\/documento_talento_humano\/img\/pdf.png\" width=\"40\" height=\"40\"><br \/>\n                    <\/a>\n                  <\/td>\n<\/tr>\n<tr>\n<td style=\"width: 70%;\">Resoluci\u00f3n Comisi\u00f3n de Personal 2023<\/td>\n<td style=\"width: 30%;\">\n                    <a href=\"https:\/\/ipse.gov.co\/documento_intranet\/documento\/comision-personal\/2023\/Resoluci%C3%B3n%20Comisi%C3%B3n%20de%20Personal%202023.pdf\" target=\"_blank\" rel=\"noopener\"><br \/>\n                      <img decoding=\"async\" src=\"\/documento_talento_humano\/img\/pdf.png\" width=\"40\" height=\"40\"><br \/>\n                    <\/a>\n                  <\/td>\n<\/tr>\n<\/tbody>\n<\/table><\/div>\n<\/p><\/div>\n<\/p><\/div>\n<div class=\"accordion-item\">\n<h2 class=\"accordion-header\" id=\"heading2\">\n          <button class=\"accordion-button collapsed\" type=\"button\" data-bs-toggle=\"collapse\" data-bs-target=\"#collapse2\" aria-expanded=\"true\" aria-controls=\"collapse2\"><br \/>\n            2021<br \/>\n          <\/button><br \/>\n        <\/h2>\n<div id=\"collapse2\" class=\"accordion-collapse collapse show\" aria-labelledby=\"heading2\" data-bs-parent=\"#accordionExample\" style=\"\">\n<div class=\"accordion-body\">\n<table class=\"table table-sm table-info\">\n<thead>\n<tr>\n<th scope=\"col\">Nombre<\/th>\n<th scope=\"col\">Documento<\/th>\n<\/tr>\n<\/thead>\n<tbody>\n<tr>\n<td style=\"width: 70%;\">Miembros Comisi\u00f3n de Personal 2021<\/td>\n<td style=\"width: 30%;\">\n                    <a href=\"https:\/\/ipse.gov.co\/documento_intranet\/documento\/comision-personal\/2021\/Miembros%20Comisi%C3%B3n%20de%20Personal%202021.pdf\" target=\"_blank\" rel=\"noopener\"><br \/>\n                      <img decoding=\"async\" src=\"\/documento_talento_humano\/img\/pdf.png\" width=\"40\" height=\"40\"><br \/>\n                    <\/a>\n                  <\/td>\n<\/tr>\n<tr>\n<td style=\"width: 70%;\">Resoluci\u00f3n Comisi\u00f3n de Personal 2021<\/td>\n<td style=\"width: 30%;\">\n                    <a href=\"https:\/\/ipse.gov.co\/documento_intranet\/documento\/comision-personal\/2021\/Resoluci%C3%B3n%20Comisi%C3%B3n%20de%20Personal%202021.pdf\" target=\"_blank\" rel=\"noopener\"><br \/>\n                      <img decoding=\"async\" src=\"\/documento_talento_humano\/img\/pdf.png\" width=\"40\" height=\"40\"><br \/>\n                    <\/a>\n                  <\/td>\n<\/tr>\n<\/tbody>\n<\/table><\/div>\n<\/p><\/div>\n<\/p><\/div>\n<\/p><\/div>\n<\/p><\/div>\n<\/div>\n","protected":false},"excerpt":{"rendered":"<p>2025 Nombre Documento Convocatoria para la Comisi\u00f3n de Personal periodo 2025-2027 2023 Nombre Documento Conformaci\u00f3n de la Comisi\u00f3n de Personal periodo 2023-2025 Resoluci\u00f3n Comisi\u00f3n de Personal 2023 2021 Nombre Documento Miembros Comisi\u00f3n de Personal 2021 Resoluci\u00f3n Comisi\u00f3n de Personal 2021<\/p>\n","protected":false},"author":1,"featured_media":0,"parent":0,"menu_order":0,"comment_status":"closed","ping_status":"closed","template":"","meta":{"footnotes":""},"class_list":["post-6851","page","type-page","status-publish","hentry"],"yoast_head":"<!-- This site is optimized with the Yoast SEO Premium plugin v25.3 (Yoast SEO v25.3.1) - https:\/\/yoast.com\/wordpress\/plugins\/seo\/ -->\n<title>Comisi\u00f3n de Personal - IPSE-INTRANET<\/title>\n<meta name=\"robots\" content=\"index, follow, max-snippet:-1, max-image-preview:large, max-video-preview:-1\" \/>\n<link rel=\"canonical\" href=\"https:\/\/ipse.gov.co\/intranet\/comision-de-personal\/\" \/>\n<meta property=\"og:locale\" content=\"es_ES\" \/>\n<meta property=\"og:type\" content=\"article\" \/>\n<meta property=\"og:title\" content=\"Comisi\u00f3n de Personal\" \/>\n<meta property=\"og:description\" content=\"2025 Nombre Documento Convocatoria para la Comisi\u00f3n de Personal periodo 2025-2027 2023 Nombre Documento Conformaci\u00f3n de la Comisi\u00f3n de Personal periodo 2023-2025 Resoluci\u00f3n Comisi\u00f3n de Personal 2023 2021 Nombre Documento Miembros Comisi\u00f3n de Personal 2021 Resoluci\u00f3n Comisi\u00f3n de Personal 2021\" \/>\n<meta property=\"og:url\" content=\"https:\/\/ipse.gov.co\/intranet\/comision-de-personal\/\" \/>\n<meta property=\"og:site_name\" content=\"IPSE-INTRANET\" \/>\n<meta property=\"article:modified_time\" content=\"2025-06-05T03:14:17+00:00\" \/>\n<meta name=\"twitter:card\" content=\"summary_large_image\" \/>\n<meta name=\"twitter:label1\" content=\"Tiempo de lectura\" \/>\n\t<meta name=\"twitter:data1\" content=\"2 minutos\" \/>\n<script type=\"application\/ld+json\" class=\"yoast-schema-graph\">{\"@context\":\"https:\/\/schema.org\",\"@graph\":[{\"@type\":\"WebPage\",\"@id\":\"https:\/\/ipse.gov.co\/intranet\/comision-de-personal\/\",\"url\":\"https:\/\/ipse.gov.co\/intranet\/comision-de-personal\/\",\"name\":\"Comisi\u00f3n de Personal - IPSE-INTRANET\",\"isPartOf\":{\"@id\":\"https:\/\/ipse.gov.co\/intranet\/#website\"},\"datePublished\":\"2023-07-17T17:38:36+00:00\",\"dateModified\":\"2025-06-05T03:14:17+00:00\",\"breadcrumb\":{\"@id\":\"https:\/\/ipse.gov.co\/intranet\/comision-de-personal\/#breadcrumb\"},\"inLanguage\":\"es\",\"potentialAction\":[{\"@type\":\"ReadAction\",\"target\":[\"https:\/\/ipse.gov.co\/intranet\/comision-de-personal\/\"]}]},{\"@type\":\"BreadcrumbList\",\"@id\":\"https:\/\/ipse.gov.co\/intranet\/comision-de-personal\/#breadcrumb\",\"itemListElement\":[{\"@type\":\"ListItem\",\"position\":1,\"name\":\"Portada\",\"item\":\"https:\/\/ipse.gov.co\/intranet\/\"},{\"@type\":\"ListItem\",\"position\":2,\"name\":\"Comisi\u00f3n de Personal\"}]},{\"@type\":\"WebSite\",\"@id\":\"https:\/\/ipse.gov.co\/intranet\/#website\",\"url\":\"https:\/\/ipse.gov.co\/intranet\/\",\"name\":\"IPSE-INTRANET\",\"description\":\"Transformamos Territorios\",\"potentialAction\":[{\"@type\":\"SearchAction\",\"target\":{\"@type\":\"EntryPoint\",\"urlTemplate\":\"https:\/\/ipse.gov.co\/intranet\/?s={search_term_string}\"},\"query-input\":{\"@type\":\"PropertyValueSpecification\",\"valueRequired\":true,\"valueName\":\"search_term_string\"}}],\"inLanguage\":\"es\"}]}<\/script>\n<!-- \/ Yoast SEO Premium plugin. -->","yoast_head_json":{"title":"Comisi\u00f3n de Personal - IPSE-INTRANET","robots":{"index":"index","follow":"follow","max-snippet":"max-snippet:-1","max-image-preview":"max-image-preview:large","max-video-preview":"max-video-preview:-1"},"canonical":"https:\/\/ipse.gov.co\/intranet\/comision-de-personal\/","og_locale":"es_ES","og_type":"article","og_title":"Comisi\u00f3n de Personal","og_description":"2025 Nombre Documento Convocatoria para la Comisi\u00f3n de Personal periodo 2025-2027 2023 Nombre Documento Conformaci\u00f3n de la Comisi\u00f3n de Personal periodo 2023-2025 Resoluci\u00f3n Comisi\u00f3n de Personal 2023 2021 Nombre Documento Miembros Comisi\u00f3n de Personal 2021 Resoluci\u00f3n Comisi\u00f3n de Personal 2021","og_url":"https:\/\/ipse.gov.co\/intranet\/comision-de-personal\/","og_site_name":"IPSE-INTRANET","article_modified_time":"2025-06-05T03:14:17+00:00","twitter_card":"summary_large_image","twitter_misc":{"Tiempo de lectura":"2 minutos"},"schema":{"@context":"https:\/\/schema.org","@graph":[{"@type":"WebPage","@id":"https:\/\/ipse.gov.co\/intranet\/comision-de-personal\/","url":"https:\/\/ipse.gov.co\/intranet\/comision-de-personal\/","name":"Comisi\u00f3n de Personal - IPSE-INTRANET","isPartOf":{"@id":"https:\/\/ipse.gov.co\/intranet\/#website"},"datePublished":"2023-07-17T17:38:36+00:00","dateModified":"2025-06-05T03:14:17+00:00","breadcrumb":{"@id":"https:\/\/ipse.gov.co\/intranet\/comision-de-personal\/#breadcrumb"},"inLanguage":"es","potentialAction":[{"@type":"ReadAction","target":["https:\/\/ipse.gov.co\/intranet\/comision-de-personal\/"]}]},{"@type":"BreadcrumbList","@id":"https:\/\/ipse.gov.co\/intranet\/comision-de-personal\/#breadcrumb","itemListElement":[{"@type":"ListItem","position":1,"name":"Portada","item":"https:\/\/ipse.gov.co\/intranet\/"},{"@type":"ListItem","position":2,"name":"Comisi\u00f3n de Personal"}]},{"@type":"WebSite","@id":"https:\/\/ipse.gov.co\/intranet\/#website","url":"https:\/\/ipse.gov.co\/intranet\/","name":"IPSE-INTRANET","description":"Transformamos Territorios","potentialAction":[{"@type":"SearchAction","target":{"@type":"EntryPoint","urlTemplate":"https:\/\/ipse.gov.co\/intranet\/?s={search_term_string}"},"query-input":{"@type":"PropertyValueSpecification","valueRequired":true,"valueName":"search_term_string"}}],"inLanguage":"es"}]}},"_links":{"self":[{"href":"https:\/\/ipse.gov.co\/intranet\/wp-json\/wp\/v2\/pages\/6851"}],"collection":[{"href":"https:\/\/ipse.gov.co\/intranet\/wp-json\/wp\/v2\/pages"}],"about":[{"href":"https:\/\/ipse.gov.co\/intranet\/wp-json\/wp\/v2\/types\/page"}],"author":[{"embeddable":true,"href":"https:\/\/ipse.gov.co\/intranet\/wp-json\/wp\/v2\/users\/1"}],"replies":[{"embeddable":true,"href":"https:\/\/ipse.gov.co\/intranet\/wp-json\/wp\/v2\/comments?post=6851"}],"version-history":[{"count":0,"href":"https:\/\/ipse.gov.co\/intranet\/wp-json\/wp\/v2\/pages\/6851\/revisions"}],"wp:attachment":[{"href":"https:\/\/ipse.gov.co\/intranet\/wp-json\/wp\/v2\/media?parent=6851"}],"curies":[{"name":"wp","href":"https:\/\/api.w.org\/{rel}","templated":true}]}}