{"id":7909,"date":"2024-09-18T22:22:25","date_gmt":"2024-09-18T22:22:25","guid":{"rendered":"https:\/\/ipse.gov.co\/intranet\/?page_id=7909"},"modified":"2025-07-14T20:58:35","modified_gmt":"2025-07-14T20:58:35","slug":"control-interno-y-disciplinario","status":"publish","type":"page","link":"https:\/\/ipse.gov.co\/intranet\/control-interno-y-disciplinario\/","title":{"rendered":"Control Interno y Disciplinario"},"content":{"rendered":"\t\t<div data-elementor-type=\"wp-page\" data-elementor-id=\"7909\" class=\"elementor elementor-7909\">\n\t\t\t\t\t\t<section data-particle_enable=\"false\" data-particle-mobile-disabled=\"false\" class=\"elementor-section elementor-top-section elementor-element elementor-element-6870c70 elementor-section-boxed elementor-section-height-default elementor-section-height-default\" data-id=\"6870c70\" data-element_type=\"section\" data-settings=\"{&quot;background_background&quot;:&quot;classic&quot;}\">\n\t\t\t\t\t\t<div class=\"elementor-container elementor-column-gap-default\">\n\t\t\t\t\t<div class=\"elementor-column elementor-col-100 elementor-top-column elementor-element elementor-element-6677a2f\" data-id=\"6677a2f\" data-element_type=\"column\">\n\t\t\t<div class=\"elementor-widget-wrap elementor-element-populated\">\n\t\t\t\t\t\t<div class=\"elementor-element elementor-element-c104de1 elementor-widget elementor-widget-image\" data-id=\"c104de1\" data-element_type=\"widget\" data-widget_type=\"image.default\">\n\t\t\t\t<div class=\"elementor-widget-container\">\n\t\t\t\t\t\t\t\t\t\t\t\t\t<img fetchpriority=\"high\" decoding=\"async\" width=\"1024\" height=\"512\" src=\"https:\/\/ipse.gov.co\/intranet\/wp-content\/uploads\/sites\/4\/2024\/09\/BANNER_01-1024x512.jpg\" class=\"elementor-animation-sink attachment-large size-large wp-image-7911\" alt=\"\" srcset=\"https:\/\/ipse.gov.co\/intranet\/wp-content\/uploads\/sites\/4\/2024\/09\/BANNER_01-1024x512.jpg 1024w, https:\/\/ipse.gov.co\/intranet\/wp-content\/uploads\/sites\/4\/2024\/09\/BANNER_01-300x150.jpg 300w, https:\/\/ipse.gov.co\/intranet\/wp-content\/uploads\/sites\/4\/2024\/09\/BANNER_01-768x384.jpg 768w, https:\/\/ipse.gov.co\/intranet\/wp-content\/uploads\/sites\/4\/2024\/09\/BANNER_01-1536x768.jpg 1536w, https:\/\/ipse.gov.co\/intranet\/wp-content\/uploads\/sites\/4\/2024\/09\/BANNER_01.jpg 1600w\" sizes=\"(max-width: 1024px) 100vw, 1024px\" \/>\t\t\t\t\t\t\t\t\t\t\t\t\t<\/div>\n\t\t\t\t<\/div>\n\t\t\t\t\t<\/div>\n\t\t<\/div>\n\t\t\t\t\t<\/div>\n\t\t<\/section>\n\t\t\t\t<section data-particle_enable=\"false\" data-particle-mobile-disabled=\"false\" class=\"elementor-section elementor-top-section elementor-element elementor-element-0f47a38 elementor-section-boxed elementor-section-height-default elementor-section-height-default\" data-id=\"0f47a38\" data-element_type=\"section\">\n\t\t\t\t\t\t<div class=\"elementor-container elementor-column-gap-default\">\n\t\t\t\t\t<div class=\"elementor-column elementor-col-100 elementor-top-column elementor-element elementor-element-fe4ae20\" data-id=\"fe4ae20\" data-element_type=\"column\" data-settings=\"{&quot;animation_mobile&quot;:&quot;fadeInUp&quot;}\">\n\t\t\t<div class=\"elementor-widget-wrap elementor-element-populated\">\n\t\t\t\t\t\t<div class=\"elementor-element elementor-element-2d9fcf4 elementor-widget elementor-widget-heading\" data-id=\"2d9fcf4\" data-element_type=\"widget\" data-widget_type=\"heading.default\">\n\t\t\t\t<div class=\"elementor-widget-container\">\n\t\t\t<h2 class=\"elementor-heading-title elementor-size-default\">Conoce la nueva secci\u00f3n de Control Interno y Disciplinario.<\/h2>\t\t<\/div>\n\t\t\t\t<\/div>\n\t\t\t\t<div class=\"elementor-element elementor-element-a8b140d elementor-invisible elementor-widget elementor-widget-text-editor\" data-id=\"a8b140d\" data-element_type=\"widget\" data-settings=\"{&quot;_animation&quot;:&quot;fadeInUp&quot;}\" data-widget_type=\"text-editor.default\">\n\t\t\t\t<div class=\"elementor-widget-container\">\n\t\t\t\t\t\t\t<p>Un espacio para que que conozcas m\u00e1s sobre los procesos disciplinarios en nuestra entidad. Aqu\u00ed encontraras piezas informativas de inter\u00e9s.<\/p>\t\t\t\t\t\t<\/div>\n\t\t\t\t<\/div>\n\t\t\t\t\t<\/div>\n\t\t<\/div>\n\t\t\t\t\t<\/div>\n\t\t<\/section>\n\t\t\t\t<section data-particle_enable=\"false\" data-particle-mobile-disabled=\"false\" class=\"elementor-section elementor-top-section elementor-element elementor-element-1db5073 elementor-section-boxed elementor-section-height-default elementor-section-height-default elementor-invisible\" data-id=\"1db5073\" data-element_type=\"section\" data-settings=\"{&quot;background_background&quot;:&quot;classic&quot;,&quot;shape_divider_top&quot;:&quot;mountains&quot;,&quot;animation_mobile&quot;:&quot;fadeInUp&quot;,&quot;animation&quot;:&quot;fadeInUp&quot;}\">\n\t\t\t\t\t<div class=\"elementor-shape elementor-shape-top\" data-negative=\"false\">\n\t\t\t<svg xmlns=\"http:\/\/www.w3.org\/2000\/svg\" viewBox=\"0 0 1000 100\" preserveAspectRatio=\"none\">\n\t<path class=\"elementor-shape-fill\" opacity=\"0.33\" d=\"M473,67.3c-203.9,88.3-263.1-34-320.3,0C66,119.1,0,59.7,0,59.7V0h1000v59.7 c0,0-62.1,26.1-94.9,29.3c-32.8,3.3-62.8-12.3-75.8-22.1C806,49.6,745.3,8.7,694.9,4.7S492.4,59,473,67.3z\"\/>\n\t<path class=\"elementor-shape-fill\" opacity=\"0.66\" d=\"M734,67.3c-45.5,0-77.2-23.2-129.1-39.1c-28.6-8.7-150.3-10.1-254,39.1 s-91.7-34.4-149.2,0C115.7,118.3,0,39.8,0,39.8V0h1000v36.5c0,0-28.2-18.5-92.1-18.5C810.2,18.1,775.7,67.3,734,67.3z\"\/>\n\t<path class=\"elementor-shape-fill\" d=\"M766.1,28.9c-200-57.5-266,65.5-395.1,19.5C242,1.8,242,5.4,184.8,20.6C128,35.8,132.3,44.9,89.9,52.5C28.6,63.7,0,0,0,0 h1000c0,0-9.9,40.9-83.6,48.1S829.6,47,766.1,28.9z\"\/>\n<\/svg>\t\t<\/div>\n\t\t\t\t\t<div class=\"elementor-container elementor-column-gap-wide\">\n\t\t\t\t\t<div class=\"elementor-column elementor-col-33 elementor-top-column elementor-element elementor-element-d494476\" data-id=\"d494476\" data-element_type=\"column\">\n\t\t\t<div class=\"elementor-widget-wrap elementor-element-populated\">\n\t\t\t\t\t\t<div class=\"elementor-element elementor-element-9c3d993 elementor-widget elementor-widget-image\" data-id=\"9c3d993\" data-element_type=\"widget\" data-widget_type=\"image.default\">\n\t\t\t\t<div class=\"elementor-widget-container\">\n\t\t\t\t\t\t\t\t\t\t\t\t\t\t<a href=\"https:\/\/ipse.gov.co\/documentos_control_interno\/documento\/cartillas\/ARCHIVO-AL-FALLO.pdf\" target=\"_blank\">\n\t\t\t\t\t\t\t<img decoding=\"async\" width=\"590\" height=\"590\" src=\"https:\/\/ipse.gov.co\/intranet\/wp-content\/uploads\/sites\/4\/2024\/09\/BANNER-1-1.jpg\" class=\"elementor-animation-grow attachment-large size-large wp-image-7916\" alt=\"\" srcset=\"https:\/\/ipse.gov.co\/intranet\/wp-content\/uploads\/sites\/4\/2024\/09\/BANNER-1-1.jpg 590w, https:\/\/ipse.gov.co\/intranet\/wp-content\/uploads\/sites\/4\/2024\/09\/BANNER-1-1-300x300.jpg 300w, https:\/\/ipse.gov.co\/intranet\/wp-content\/uploads\/sites\/4\/2024\/09\/BANNER-1-1-150x150.jpg 150w\" sizes=\"(max-width: 590px) 100vw, 590px\" \/>\t\t\t\t\t\t\t\t<\/a>\n\t\t\t\t\t\t\t\t\t\t\t\t\t<\/div>\n\t\t\t\t<\/div>\n\t\t\t\t\t<\/div>\n\t\t<\/div>\n\t\t\t\t<div class=\"elementor-column elementor-col-33 elementor-top-column elementor-element elementor-element-4a5dc2c\" data-id=\"4a5dc2c\" data-element_type=\"column\">\n\t\t\t<div class=\"elementor-widget-wrap elementor-element-populated\">\n\t\t\t\t\t\t<div class=\"elementor-element elementor-element-ea0d848 elementor-widget elementor-widget-image\" data-id=\"ea0d848\" data-element_type=\"widget\" data-widget_type=\"image.default\">\n\t\t\t\t<div class=\"elementor-widget-container\">\n\t\t\t\t\t\t\t\t\t\t\t\t\t\t<a href=\"https:\/\/ipse.gov.co\/documentos_control_interno\/documento\/cartillas\/INVESTIGACION-DISCIPLINARIA.pdf\" target=\"_blank\">\n\t\t\t\t\t\t\t<img decoding=\"async\" width=\"590\" height=\"590\" src=\"https:\/\/ipse.gov.co\/intranet\/wp-content\/uploads\/sites\/4\/2025\/07\/BANNER-2.jpg\" class=\"elementor-animation-grow attachment-large size-large wp-image-8801\" alt=\"\" \/>\t\t\t\t\t\t\t\t<\/a>\n\t\t\t\t\t\t\t\t\t\t\t\t\t<\/div>\n\t\t\t\t<\/div>\n\t\t\t\t\t<\/div>\n\t\t<\/div>\n\t\t\t\t<div class=\"elementor-column elementor-col-33 elementor-top-column elementor-element elementor-element-d3a4401\" data-id=\"d3a4401\" data-element_type=\"column\">\n\t\t\t<div class=\"elementor-widget-wrap elementor-element-populated\">\n\t\t\t\t\t\t<div class=\"elementor-element elementor-element-e288c2c elementor-widget elementor-widget-image\" data-id=\"e288c2c\" data-element_type=\"widget\" data-widget_type=\"image.default\">\n\t\t\t\t<div class=\"elementor-widget-container\">\n\t\t\t\t\t\t\t\t\t\t\t\t\t\t<a href=\"https:\/\/ipse.gov.co\/documentos_control_interno\/documento\/cartillas\/DERECHOS-DE-INVESTIGADOS.pdf\" target=\"_blank\">\n\t\t\t\t\t\t\t<img loading=\"lazy\" decoding=\"async\" width=\"590\" height=\"590\" src=\"https:\/\/ipse.gov.co\/intranet\/wp-content\/uploads\/sites\/4\/2024\/09\/BANNER-3.jpg\" class=\"elementor-animation-grow attachment-large size-large wp-image-7915\" alt=\"\" srcset=\"https:\/\/ipse.gov.co\/intranet\/wp-content\/uploads\/sites\/4\/2024\/09\/BANNER-3.jpg 590w, https:\/\/ipse.gov.co\/intranet\/wp-content\/uploads\/sites\/4\/2024\/09\/BANNER-3-300x300.jpg 300w, https:\/\/ipse.gov.co\/intranet\/wp-content\/uploads\/sites\/4\/2024\/09\/BANNER-3-150x150.jpg 150w\" sizes=\"(max-width: 590px) 100vw, 590px\" \/>\t\t\t\t\t\t\t\t<\/a>\n\t\t\t\t\t\t\t\t\t\t\t\t\t<\/div>\n\t\t\t\t<\/div>\n\t\t\t\t\t<\/div>\n\t\t<\/div>\n\t\t\t\t\t<\/div>\n\t\t<\/section>\n\t\t\t\t<section data-particle_enable=\"false\" data-particle-mobile-disabled=\"false\" class=\"elementor-section elementor-top-section elementor-element elementor-element-07fd624 elementor-section-boxed elementor-section-height-default elementor-section-height-default elementor-invisible\" data-id=\"07fd624\" data-element_type=\"section\" data-settings=\"{&quot;background_background&quot;:&quot;classic&quot;,&quot;animation&quot;:&quot;fadeInUp&quot;,&quot;animation_mobile&quot;:&quot;fadeInUp&quot;}\">\n\t\t\t\t\t\t<div class=\"elementor-container elementor-column-gap-wide\">\n\t\t\t\t\t<div class=\"elementor-column elementor-col-33 elementor-top-column elementor-element elementor-element-dec89cf\" data-id=\"dec89cf\" data-element_type=\"column\">\n\t\t\t<div class=\"elementor-widget-wrap elementor-element-populated\">\n\t\t\t\t\t\t<div class=\"elementor-element elementor-element-1b622c9 elementor-widget elementor-widget-image\" data-id=\"1b622c9\" data-element_type=\"widget\" data-widget_type=\"image.default\">\n\t\t\t\t<div class=\"elementor-widget-container\">\n\t\t\t\t\t\t\t\t\t\t\t\t\t\t<a href=\"https:\/\/ipse.gov.co\/wp-content\/uploads\/2025\/07\/guia-basica-disciplinaria-2025.pdf\" target=\"_blank\">\n\t\t\t\t\t\t\t<img loading=\"lazy\" decoding=\"async\" width=\"593\" height=\"590\" src=\"https:\/\/ipse.gov.co\/intranet\/wp-content\/uploads\/sites\/4\/2025\/07\/guia-disciplinaria.png\" class=\"elementor-animation-grow attachment-large size-large wp-image-8803\" alt=\"\" \/>\t\t\t\t\t\t\t\t<\/a>\n\t\t\t\t\t\t\t\t\t\t\t\t\t<\/div>\n\t\t\t\t<\/div>\n\t\t\t\t\t<\/div>\n\t\t<\/div>\n\t\t\t\t<div class=\"elementor-column elementor-col-33 elementor-top-column elementor-element elementor-element-f9d578e\" data-id=\"f9d578e\" data-element_type=\"column\">\n\t\t\t<div class=\"elementor-widget-wrap\">\n\t\t\t\t\t\t\t<\/div>\n\t\t<\/div>\n\t\t\t\t<div class=\"elementor-column elementor-col-33 elementor-top-column elementor-element elementor-element-c074a2a\" data-id=\"c074a2a\" data-element_type=\"column\">\n\t\t\t<div class=\"elementor-widget-wrap\">\n\t\t\t\t\t\t\t<\/div>\n\t\t<\/div>\n\t\t\t\t\t<\/div>\n\t\t<\/section>\n\t\t\t\t<\/div>\n\t\t","protected":false},"excerpt":{"rendered":"<p>Conoce la nueva secci\u00f3n de Control Interno y Disciplinario. Un espacio para que que conozcas m\u00e1s sobre los procesos disciplinarios en nuestra entidad. Aqu\u00ed encontraras piezas informativas de inter\u00e9s.<\/p>\n","protected":false},"author":1,"featured_media":0,"parent":0,"menu_order":0,"comment_status":"closed","ping_status":"closed","template":"","meta":{"footnotes":""},"class_list":["post-7909","page","type-page","status-publish","hentry"],"yoast_head":"<!-- This site is optimized with the Yoast SEO Premium plugin v25.3 (Yoast SEO v25.3.1) - https:\/\/yoast.com\/wordpress\/plugins\/seo\/ -->\n<title>Control Interno y Disciplinario - IPSE-INTRANET<\/title>\n<meta name=\"robots\" content=\"index, follow, max-snippet:-1, max-image-preview:large, max-video-preview:-1\" \/>\n<link rel=\"canonical\" href=\"https:\/\/ipse.gov.co\/intranet\/control-interno-y-disciplinario\/\" \/>\n<meta property=\"og:locale\" content=\"es_ES\" \/>\n<meta property=\"og:type\" content=\"article\" \/>\n<meta property=\"og:title\" content=\"Control Interno y Disciplinario\" \/>\n<meta property=\"og:description\" content=\"Conoce la nueva secci\u00f3n de Control Interno y Disciplinario. Un espacio para que que conozcas m\u00e1s sobre los procesos disciplinarios en nuestra entidad. Aqu\u00ed encontraras piezas informativas de inter\u00e9s.\" \/>\n<meta property=\"og:url\" content=\"https:\/\/ipse.gov.co\/intranet\/control-interno-y-disciplinario\/\" \/>\n<meta property=\"og:site_name\" content=\"IPSE-INTRANET\" \/>\n<meta property=\"article:modified_time\" content=\"2025-07-14T20:58:35+00:00\" \/>\n<meta property=\"og:image\" content=\"https:\/\/ipse.gov.co\/intranet\/wp-content\/uploads\/sites\/4\/2024\/09\/BANNER_01.jpg\" \/>\n\t<meta property=\"og:image:width\" content=\"1600\" \/>\n\t<meta property=\"og:image:height\" content=\"800\" \/>\n\t<meta property=\"og:image:type\" content=\"image\/jpeg\" \/>\n<meta name=\"twitter:card\" content=\"summary_large_image\" \/>\n<meta name=\"twitter:label1\" content=\"Tiempo de lectura\" \/>\n\t<meta name=\"twitter:data1\" content=\"2 minutos\" \/>\n<script type=\"application\/ld+json\" class=\"yoast-schema-graph\">{\"@context\":\"https:\/\/schema.org\",\"@graph\":[{\"@type\":\"WebPage\",\"@id\":\"https:\/\/ipse.gov.co\/intranet\/control-interno-y-disciplinario\/\",\"url\":\"https:\/\/ipse.gov.co\/intranet\/control-interno-y-disciplinario\/\",\"name\":\"Control Interno y Disciplinario - IPSE-INTRANET\",\"isPartOf\":{\"@id\":\"https:\/\/ipse.gov.co\/intranet\/#website\"},\"primaryImageOfPage\":{\"@id\":\"https:\/\/ipse.gov.co\/intranet\/control-interno-y-disciplinario\/#primaryimage\"},\"image\":{\"@id\":\"https:\/\/ipse.gov.co\/intranet\/control-interno-y-disciplinario\/#primaryimage\"},\"thumbnailUrl\":\"https:\/\/ipse.gov.co\/intranet\/wp-content\/uploads\/sites\/4\/2024\/09\/BANNER_01-1024x512.jpg\",\"datePublished\":\"2024-09-18T22:22:25+00:00\",\"dateModified\":\"2025-07-14T20:58:35+00:00\",\"breadcrumb\":{\"@id\":\"https:\/\/ipse.gov.co\/intranet\/control-interno-y-disciplinario\/#breadcrumb\"},\"inLanguage\":\"es\",\"potentialAction\":[{\"@type\":\"ReadAction\",\"target\":[\"https:\/\/ipse.gov.co\/intranet\/control-interno-y-disciplinario\/\"]}]},{\"@type\":\"ImageObject\",\"inLanguage\":\"es\",\"@id\":\"https:\/\/ipse.gov.co\/intranet\/control-interno-y-disciplinario\/#primaryimage\",\"url\":\"https:\/\/ipse.gov.co\/intranet\/wp-content\/uploads\/sites\/4\/2024\/09\/BANNER_01.jpg\",\"contentUrl\":\"https:\/\/ipse.gov.co\/intranet\/wp-content\/uploads\/sites\/4\/2024\/09\/BANNER_01.jpg\",\"width\":1600,\"height\":800},{\"@type\":\"BreadcrumbList\",\"@id\":\"https:\/\/ipse.gov.co\/intranet\/control-interno-y-disciplinario\/#breadcrumb\",\"itemListElement\":[{\"@type\":\"ListItem\",\"position\":1,\"name\":\"Portada\",\"item\":\"https:\/\/ipse.gov.co\/intranet\/\"},{\"@type\":\"ListItem\",\"position\":2,\"name\":\"Control Interno y Disciplinario\"}]},{\"@type\":\"WebSite\",\"@id\":\"https:\/\/ipse.gov.co\/intranet\/#website\",\"url\":\"https:\/\/ipse.gov.co\/intranet\/\",\"name\":\"IPSE-INTRANET\",\"description\":\"Transformamos Territorios\",\"potentialAction\":[{\"@type\":\"SearchAction\",\"target\":{\"@type\":\"EntryPoint\",\"urlTemplate\":\"https:\/\/ipse.gov.co\/intranet\/?s={search_term_string}\"},\"query-input\":{\"@type\":\"PropertyValueSpecification\",\"valueRequired\":true,\"valueName\":\"search_term_string\"}}],\"inLanguage\":\"es\"}]}<\/script>\n<!-- \/ Yoast SEO Premium plugin. -->","yoast_head_json":{"title":"Control Interno y Disciplinario - IPSE-INTRANET","robots":{"index":"index","follow":"follow","max-snippet":"max-snippet:-1","max-image-preview":"max-image-preview:large","max-video-preview":"max-video-preview:-1"},"canonical":"https:\/\/ipse.gov.co\/intranet\/control-interno-y-disciplinario\/","og_locale":"es_ES","og_type":"article","og_title":"Control Interno y Disciplinario","og_description":"Conoce la nueva secci\u00f3n de Control Interno y Disciplinario. Un espacio para que que conozcas m\u00e1s sobre los procesos disciplinarios en nuestra entidad. Aqu\u00ed encontraras piezas informativas de inter\u00e9s.","og_url":"https:\/\/ipse.gov.co\/intranet\/control-interno-y-disciplinario\/","og_site_name":"IPSE-INTRANET","article_modified_time":"2025-07-14T20:58:35+00:00","og_image":[{"width":1600,"height":800,"url":"https:\/\/ipse.gov.co\/intranet\/wp-content\/uploads\/sites\/4\/2024\/09\/BANNER_01.jpg","type":"image\/jpeg"}],"twitter_card":"summary_large_image","twitter_misc":{"Tiempo de lectura":"2 minutos"},"schema":{"@context":"https:\/\/schema.org","@graph":[{"@type":"WebPage","@id":"https:\/\/ipse.gov.co\/intranet\/control-interno-y-disciplinario\/","url":"https:\/\/ipse.gov.co\/intranet\/control-interno-y-disciplinario\/","name":"Control Interno y Disciplinario - IPSE-INTRANET","isPartOf":{"@id":"https:\/\/ipse.gov.co\/intranet\/#website"},"primaryImageOfPage":{"@id":"https:\/\/ipse.gov.co\/intranet\/control-interno-y-disciplinario\/#primaryimage"},"image":{"@id":"https:\/\/ipse.gov.co\/intranet\/control-interno-y-disciplinario\/#primaryimage"},"thumbnailUrl":"https:\/\/ipse.gov.co\/intranet\/wp-content\/uploads\/sites\/4\/2024\/09\/BANNER_01-1024x512.jpg","datePublished":"2024-09-18T22:22:25+00:00","dateModified":"2025-07-14T20:58:35+00:00","breadcrumb":{"@id":"https:\/\/ipse.gov.co\/intranet\/control-interno-y-disciplinario\/#breadcrumb"},"inLanguage":"es","potentialAction":[{"@type":"ReadAction","target":["https:\/\/ipse.gov.co\/intranet\/control-interno-y-disciplinario\/"]}]},{"@type":"ImageObject","inLanguage":"es","@id":"https:\/\/ipse.gov.co\/intranet\/control-interno-y-disciplinario\/#primaryimage","url":"https:\/\/ipse.gov.co\/intranet\/wp-content\/uploads\/sites\/4\/2024\/09\/BANNER_01.jpg","contentUrl":"https:\/\/ipse.gov.co\/intranet\/wp-content\/uploads\/sites\/4\/2024\/09\/BANNER_01.jpg","width":1600,"height":800},{"@type":"BreadcrumbList","@id":"https:\/\/ipse.gov.co\/intranet\/control-interno-y-disciplinario\/#breadcrumb","itemListElement":[{"@type":"ListItem","position":1,"name":"Portada","item":"https:\/\/ipse.gov.co\/intranet\/"},{"@type":"ListItem","position":2,"name":"Control Interno y Disciplinario"}]},{"@type":"WebSite","@id":"https:\/\/ipse.gov.co\/intranet\/#website","url":"https:\/\/ipse.gov.co\/intranet\/","name":"IPSE-INTRANET","description":"Transformamos Territorios","potentialAction":[{"@type":"SearchAction","target":{"@type":"EntryPoint","urlTemplate":"https:\/\/ipse.gov.co\/intranet\/?s={search_term_string}"},"query-input":{"@type":"PropertyValueSpecification","valueRequired":true,"valueName":"search_term_string"}}],"inLanguage":"es"}]}},"_links":{"self":[{"href":"https:\/\/ipse.gov.co\/intranet\/wp-json\/wp\/v2\/pages\/7909"}],"collection":[{"href":"https:\/\/ipse.gov.co\/intranet\/wp-json\/wp\/v2\/pages"}],"about":[{"href":"https:\/\/ipse.gov.co\/intranet\/wp-json\/wp\/v2\/types\/page"}],"author":[{"embeddable":true,"href":"https:\/\/ipse.gov.co\/intranet\/wp-json\/wp\/v2\/users\/1"}],"replies":[{"embeddable":true,"href":"https:\/\/ipse.gov.co\/intranet\/wp-json\/wp\/v2\/comments?post=7909"}],"version-history":[{"count":0,"href":"https:\/\/ipse.gov.co\/intranet\/wp-json\/wp\/v2\/pages\/7909\/revisions"}],"wp:attachment":[{"href":"https:\/\/ipse.gov.co\/intranet\/wp-json\/wp\/v2\/media?parent=7909"}],"curies":[{"name":"wp","href":"https:\/\/api.w.org\/{rel}","templated":true}]}}